{"id":4897,"date":"2023-06-13T13:03:53","date_gmt":"2023-06-13T13:03:53","guid":{"rendered":"https:\/\/rhliqeni.al\/?page_id=4897"},"modified":"2023-06-13T13:03:53","modified_gmt":"2023-06-13T13:03:53","slug":"politikat-e-cookies","status":"publish","type":"page","link":"https:\/\/rhliqeni.al\/sq\/politikat-e-cookies\/","title":{"rendered":"Politikat e Cookies"},"content":{"rendered":"\n<p>RH Liqeni \u00ebsht\u00eb i p\u00ebrkushtuar t\u2019ju ofroj\u00eb sh\u00ebrbimin m\u00eb t\u00eb mir\u00eb t\u00eb mundsh\u00ebm me d\u00ebshir\u00ebn p\u00ebr t\u00eb ruajtur besimin q\u00eb na keni dh\u00ebn\u00eb.<\/p>\n\n\n\n<p>D\u00ebshirojm\u00eb t\u00eb ndajm\u00eb me ju informacion t\u00eb qart\u00eb rreth m\u00ebnyr\u00ebs se si ne i p\u00ebrdorim dhe ruajm\u00eb cookies n\u00eb faqen ton\u00eb <a href=\"https:\/\/rhliqeni.al\/\">www.rhliqeni.al<\/a><a href=\"http:\/\/www.balfinrealestate.al\"><\/a><\/p>\n\n\n\n<p><strong>\u00c7far\u00eb jan\u00eb cookies?<\/strong><\/p>\n\n\n\n<p>Cookies jan\u00eb skedar\u00eb t\u00eb vegj\u00ebl me tekst, imazh ose softuer q\u00eb ruhen n\u00eb kompjuterin, smartfonin ose \u00e7do pajisje tjet\u00ebr tuaj\u00ebn q\u00eb ju p\u00ebrdorni kur vizitoni nj\u00eb faqe interneti.<\/p>\n\n\n\n<p>Cookies jan\u00eb shum\u00eb t\u00eb dobishme dhe lejojn\u00eb q\u00eb nj\u00eb faqe interneti t&#8217;ju&nbsp; identifikoj\u00eb kur vizitoni nj\u00eb faqe t\u00eb caktuar, t\u2019ju mund\u00ebsoj\u00eb nj\u00eb lidhje t\u00eb sigurt me nj\u00eb faqe interneti dhe t\u00eb p\u00ebrmir\u00ebsoj\u00eb p\u00ebrvoj\u00ebn tuaj si p\u00ebrdorues, duke p\u00ebrmir\u00ebsuar p\u00ebrvoj\u00ebn tuaj, duke ofruar siguri kur ju e vizitoni at\u00eb dhe\/ose duke p\u00ebrshtatur p\u00ebrmbajtjen e nj\u00eb faqeje sipas preferencave q\u00eb ju keni shfaqur.<\/p>\n\n\n\n<p>Informacioni i ruajtur nga Cookies n\u00eb kompjuterin tuaj p\u00ebr nj\u00eb periudh\u00eb t\u00eb kufizuar kohe mund t\u00eb lidhet me: faqet e internetit t\u00eb ve\u00e7anta q\u00eb keni hapur nga pajisja juaj; reklamat q\u00eb keni klikuar; llojin e shfletuesit q\u00eb p\u00ebrdorni; adres\u00ebn tuaj IP; dhe informacionin q\u00eb keni dh\u00ebn\u00eb n\u00eb nj\u00eb faqe interneti (p\u00ebrdorimi i cookies do t\u00eb thot\u00eb q\u00eb ju t\u00eb shmangni nevoj\u00ebn p\u00ebr t\u00eb dh\u00ebn\u00eb p\u00ebrs\u00ebri informacion).<\/p>\n\n\n\n<p><strong>Kategorit\u00eb e Cookies t\u00eb instaluara n\u00eb faqen ton\u00eb<\/strong><\/p>\n\n\n\n<p><strong>Cookies me q\u00ebllim p\u00ebr t\u00eb mbledhur statistika t\u00eb faqes n\u00eb internet:<\/strong><\/p>\n\n\n\n<p>P\u00ebr t\u00eb p\u00ebrshtatur faqen ton\u00eb <a href=\"https:\/\/rhliqeni.al\/\">www.rhliqeni.al<\/a> sipas k\u00ebrkesave t\u00eb vizitor\u00ebve, ne matim numrin e hyrjeve, numrin e faqeve t\u00eb vizituara, aktivitetin e vizitor\u00ebve tan\u00eb n\u00eb faqe dhe sa shpesh ata rikthehen. K\u00ebto cookies mund\u00ebsojn\u00eb p\u00ebrpilimin e statistikave t\u00eb trafikut n\u00eb faqe. Nga kjo analiz\u00eb, p\u00ebrmbajtja e faqes s\u00eb internetit mund t\u00eb zhvillohet dhe p\u00ebrmir\u00ebsohet n\u00eb funksion t\u00eb nevojave t\u00eb p\u00ebrdoruesve.<\/p>\n\n\n\n<p><strong>Cookies q\u00eb lejojn\u00eb ruajtjen e:<\/strong><\/p>\n\n\n\n<p><strong>Preferencave tuaja si p\u00ebrdorues,<\/strong> cil\u00ebsimet e ekranit dhe instrumentet q\u00eb p\u00ebrdorni. K\u00ebto cookies leht\u00ebsojn\u00eb shfletimin n\u00eb vizit\u00ebn tuaj t\u00eb radh\u00ebs n\u00eb faqen ton\u00eb t\u00eb internetit dhe p\u00ebrmir\u00ebsojn\u00eb p\u00ebrvoj\u00ebn tuaj si p\u00ebrdorues.<\/p>\n\n\n\n<p><strong>Periudha e vlefshm\u00ebris\u00eb s\u00eb cookies \u00ebsht\u00eb 1 muaj.<\/strong><\/p>\n\n\n\n<p>Dy m\u00ebnyrat kryesore jan\u00eb:<\/p>\n\n\n\n<ul class=\"wp-block-list\">\n<li>Kur hapni nj\u00eb sesion t\u00eb sigurt\u00eb p\u00ebr t\u00eb hyr\u00eb n\u00eb faqen e internetit dhe q\u00ebndroni aty p\u00ebr nj\u00eb koh\u00eb t\u00eb caktuar pa kryer aktivitet, ky lloj cookies aktivizon nj\u00eb mesazh t\u00eb shfaqet n\u00eb kompjuterin tuaj duke ju ftuar t\u00eb mbyllni sesionin, dhe\/ose cookie automatikisht do t&#8217;ju nxjerr\u00eb nga faqja e internetin n\u00ebse ka munges\u00eb t\u00eb aktivitetit p\u00ebr nj\u00eb periudh\u00eb t\u00eb caktuar kohore.<\/li>\n\n\n\n<li>Kur hapni nj\u00eb sesion t\u00eb sigurtw p\u00ebr t\u00eb hyr\u00eb n\u00eb faqen interneti, nj\u00eb shenj\u00eb unike ruhet n\u00eb kompjuterin tuaj p\u00ebrmes nj\u00eb cookie, q\u00eb lejon Green Coast t\u2019ju identifikoj\u00eb. Ky lloj cookie \u00ebsht\u00eb sektorial dhe do t\u00eb fshihet nga pajisja juaj sapo t\u00eb dilni nga faqja e internetit.<\/li>\n<\/ul>\n\n\n\n<p><strong>Zgjedhja e cookies<\/strong><\/p>\n\n\n\n<p>Shum\u00eb nga cookies q\u00eb ne p\u00ebrdorim do t\u00eb p\u00ebrmir\u00ebsojn\u00eb p\u00ebrvoj\u00ebn tuaj gjat\u00eb shfletimit t\u00eb faqes son\u00eb t\u00eb internetit. T\u00eb tjerat jan\u00eb t\u00eb nevojshme q\u00eb ju t\u00eb navigoni n\u00eb zona t\u00eb sigurta.<\/p>\n\n\n\n<p>Si parazgjedhje, shumica e shfletuesve jan\u00eb nd\u00ebrtuar q\u00eb t\u00eb pranojn\u00eb cookies. Megjithat\u00eb, n\u00ebse nuk d\u00ebshironi t\u00eb pranoni q\u00eb cookies t\u00eb ruhen n\u00eb pajisjen tuaj, keni mund\u00ebsi t\u00eb bllokoni t\u00eb gjitha cookies duke ndryshuar cil\u00ebsimet n\u00eb menun\u00eb tuaj.<\/p>\n\n\n\n<p>N\u00ebse vendosni t\u00eb bllokoni t\u00eb gjitha cookie, do t\u00eb vazhdoni t\u00eb jeni n\u00eb gjendje t\u00eb vizitoni vet\u00ebm hap\u00ebsirat publike t\u00eb faqes son\u00eb t\u00eb internetit dhe nuk do t\u00eb keni m\u00eb akses n\u00eb asnj\u00eb zon\u00eb t\u00eb sigurt.<\/p>\n\n\n\n<p>Duke vazhduar navigimin n\u00eb faqen ton\u00eb t\u00eb internetit, ju na lejoni t\u00eb vendosim cookie n\u00eb pajisjen tuaj. Ju gjithmon\u00eb do t\u00eb jeni n\u00eb gjendje t\u00eb ndryshoni mendjen, duke refuzuar cookies q\u00eb t\u00eb vendosen n\u00eb pajisjen tuaj.<\/p>\n\n\n\n<p><strong>E drejta p\u00ebr t\u00eb aksesuar t\u00eb dh\u00ebnat dhe e drejta p\u00ebr t\u2019i refuzuar:<\/strong><\/p>\n\n\n\n<p>Sipas ligjit, ju keni t\u00eb drejt\u00eb t\u00eb k\u00ebrkoni nj\u00eb kopje t\u00eb informacionit personal q\u00eb Green Coast mban rreth jush, duke p\u00ebrfshir\u00eb at\u00eb t\u00eb mbledhur nga cookies. Ju gjithashtu keni t\u00eb drejt\u00eb t\u00eb refuzoni ruajtjen e cookies n\u00eb paisjen tuaj.<\/p>\n\n\n\n<ul class=\"wp-block-list\">\n<li>Ju lutemi d\u00ebrgoni k\u00ebrkesat dhe pyetjet n\u00eb lidhje me cookies n\u00eb adres\u00ebn: e-mail n\u00eb <a href=\"mailto:info@balfinrealestate.al\">info@balfinrealestate.al<\/a><\/li>\n\n\n\n<li>dhe bashk\u00ebngjitini asaj nj\u00eb kopje t\u00eb setit t\u00eb cookies q\u00eb keni pranuar n\u00eb pajisjen tuaj.<\/li>\n<\/ul>\n\n\n\n<p>Ju mund t\u00eb kund\u00ebrshtoni instalimin e cookies statistikore ose cookies q\u00eb mund\u00ebsojn\u00eb optimizimin e p\u00ebrmbajtjes reklamuese q\u00eb ju d\u00ebrgohet n\u00eb m\u00ebnyr\u00ebn e m\u00ebposhtme:<\/p>\n\n\n\n<p>-Duke shprehur t\u00eb drejt\u00ebn p\u00ebr t\u00eb kund\u00ebrshtuar zgjedhjen e llojit t\u00eb cookies q\u00eb nuk e doni t\u00eb instaluar n\u00eb pajisjen tuaj<\/p>\n\n\n\n<p>-Duke ndryshuar cil\u00ebsimet e cookies, duke aktivizuar m\u00ebnyr\u00ebn incognito (shfletim n\u00eb privat) ose cil\u00ebsimin &#8220;Mos gjurmoni&#8221; n\u00eb shfletuesin tuaj.<\/p>\n\n\n\n<p>Gjithashtu, n\u00eb var\u00ebsi t\u00eb llojit t\u00eb shfletuesit tuaj, mund t\u00eb konfiguroni cil\u00ebsimet tuaja p\u00ebr t\u00eb bllokuar disa lloje t\u00eb caktuara t\u00eb cookies, ose cookies nga burime t\u00eb tjera, ose p\u00ebr t&#8217;ju njoftuar \u00e7do her\u00eb kur nj\u00eb cookies i ri \u00ebsht\u00eb n\u00eb prag t\u00eb ruajtur n\u00eb kompjuterin tuaj, n\u00eb m\u00ebnyr\u00eb q\u00eb t\u00eb pranoni ose t\u00eb refuzoni at\u00eb.<\/p>\n\n\n\n<p>P\u00ebr detaje mbi at\u00eb q\u00eb ofron shfletuesi juaj dhe si t\u00eb konfiguroni shfletuesin tuaj sipas zgjedhjeve personale, ju lutemi shkoni n\u00eb menun\u00eb &#8220;Ndihm\u00eb&#8221; ose seksionet e dedikuara n\u00eb shfletuesin tuaj t\u00eb internetit.<\/p>\n\n\n\n<p>P\u00ebr m\u00eb shum\u00eb informacione rreth cookies, jo vet\u00ebm ato nga faqja e Green Coast dhe se si mund t\u00eb kontrollohen m\u00eb tej cookies gjenden online.<\/p>\n","protected":false},"excerpt":{"rendered":"<p>RH Liqeni \u00ebsht\u00eb i p\u00ebrkushtuar t\u2019ju ofroj\u00eb sh\u00ebrbimin m\u00eb t\u00eb mir\u00eb t\u00eb mundsh\u00ebm me d\u00ebshir\u00ebn p\u00ebr t\u00eb ruajtur besimin q\u00eb na keni dh\u00ebn\u00eb. D\u00ebshirojm\u00eb t\u00eb ndajm\u00eb me ju informacion t\u00eb qart\u00eb rreth m\u00ebnyr\u00ebs se si ne i p\u00ebrdorim dhe ruajm\u00eb cookies n\u00eb faqen ton\u00eb www.rhliqeni.al \u00c7far\u00eb jan\u00eb cookies? Cookies jan\u00eb skedar\u00eb t\u00eb vegj\u00ebl me tekst, &hellip; <\/p>\n<p class=\"link-more\"><a href=\"https:\/\/rhliqeni.al\/sq\/politikat-e-cookies\/\" class=\"more-link\">Read More <span class=\"screen-reader-text\"> &#8220;Politikat e Cookies&#8221;<\/span><\/a><\/p>\n","protected":false},"author":1,"featured_media":0,"parent":0,"menu_order":0,"comment_status":"closed","ping_status":"open","template":"","meta":{"om_disable_all_campaigns":false,"inline_featured_image":false,"_monsterinsights_skip_tracking":false,"_monsterinsights_sitenote_active":false,"_monsterinsights_sitenote_note":"","_monsterinsights_sitenote_category":0,"footnotes":""},"class_list":["post-4897","page","type-page","status-publish","hentry"],"_links":{"self":[{"href":"https:\/\/rhliqeni.al\/sq\/wp-json\/wp\/v2\/pages\/4897","targetHints":{"allow":["GET"]}}],"collection":[{"href":"https:\/\/rhliqeni.al\/sq\/wp-json\/wp\/v2\/pages"}],"about":[{"href":"https:\/\/rhliqeni.al\/sq\/wp-json\/wp\/v2\/types\/page"}],"author":[{"embeddable":true,"href":"https:\/\/rhliqeni.al\/sq\/wp-json\/wp\/v2\/users\/1"}],"replies":[{"embeddable":true,"href":"https:\/\/rhliqeni.al\/sq\/wp-json\/wp\/v2\/comments?post=4897"}],"version-history":[{"count":1,"href":"https:\/\/rhliqeni.al\/sq\/wp-json\/wp\/v2\/pages\/4897\/revisions"}],"predecessor-version":[{"id":4898,"href":"https:\/\/rhliqeni.al\/sq\/wp-json\/wp\/v2\/pages\/4897\/revisions\/4898"}],"wp:attachment":[{"href":"https:\/\/rhliqeni.al\/sq\/wp-json\/wp\/v2\/media?parent=4897"}],"curies":[{"name":"wp","href":"https:\/\/api.w.org\/{rel}","templated":true}]}}