{"id":4861,"date":"2023-06-09T09:17:24","date_gmt":"2023-06-09T09:17:24","guid":{"rendered":"https:\/\/rhliqeni.al\/?page_id=4861"},"modified":"2024-03-29T13:44:15","modified_gmt":"2024-03-29T13:44:15","slug":"blog","status":"publish","type":"page","link":"https:\/\/rhliqeni.al\/sq\/blog\/","title":{"rendered":"Blog"},"content":{"rendered":"\t\t<div data-elementor-type=\"wp-page\" data-elementor-id=\"4861\" class=\"elementor elementor-4861\" data-elementor-post-type=\"page\">\n\t\t\t\t\t\t<section class=\"elementor-section elementor-top-section elementor-element elementor-element-3eed35c elementor-section-boxed elementor-section-height-default elementor-section-height-default\" data-id=\"3eed35c\" data-element_type=\"section\" data-e-type=\"section\">\n\t\t\t\t\t\t<div class=\"elementor-container elementor-column-gap-default\">\n\t\t\t\t\t<div class=\"elementor-column elementor-col-100 elementor-top-column elementor-element elementor-element-89361be\" data-id=\"89361be\" data-element_type=\"column\" data-e-type=\"column\">\n\t\t\t<div class=\"elementor-widget-wrap elementor-element-populated\">\n\t\t\t\t\t\t<div class=\"elementor-element elementor-element-b05fab2 elementor-widget elementor-widget-opal-post-grid\" data-id=\"b05fab2\" data-element_type=\"widget\" data-e-type=\"widget\" data-widget_type=\"opal-post-grid.default\">\n\t\t\t\t<div class=\"elementor-widget-container\">\n\t\t\t\t\t        <div class=\"elementor-post-wrapper post-style-2\">\n            <div class=\"row\" data-elementor-columns=\"2\">\n\n                <div class=\"column-item post-style-2\">\n    <div class=\"post-inner\">\n                    <div class=\"post-thumbnail\">\n                <a href=\"https:\/\/rhliqeni.al\/sq\/perse-bleresit-e-zgjuar-po-zgjedhin-ofertat-me-10-parapagim-dhe-plan-lehtesues-pagese-2\/\">\n                    <img fetchpriority=\"high\" decoding=\"async\" width=\"600\" height=\"390\" src=\"https:\/\/rhliqeni.al\/wp-content\/uploads\/2025\/10\/Piazza_N2-600x390.jpg\" class=\"attachment-maisonco-featured-image-large size-maisonco-featured-image-large wp-post-image\" alt=\"\" \/>                <\/a>\n                <span class=\"posted-on\"> <a href=\"https:\/\/rhliqeni.al\/sq\/perse-bleresit-e-zgjuar-po-zgjedhin-ofertat-me-10-parapagim-dhe-plan-lehtesues-pagese-2\/\" rel=\"bookmark\"><time class=\"entry-date published\" datetime=\"2025-10-14T08:56:08+00:00\">October 14, 2025<\/time><time class=\"updated\" datetime=\"2025-10-14T09:10:30+00:00\">October 14, 2025<\/time><\/a> <\/span>\n            <\/div><!-- .post-thumbnail -->\n                <div class=\"post-content\">\n            <div class=\"entry-header\">\n                <h3 class=\"entry-title\"><a href=\"https:\/\/rhliqeni.al\/sq\/perse-bleresit-e-zgjuar-po-zgjedhin-ofertat-me-10-parapagim-dhe-plan-lehtesues-pagese-2\/\">Rolling Hills Liqeni, vendndodhja e biznesit tuaj t\u00eb ardhsh\u00ebm<\/a><\/h3>\n            <\/div>\n            <div class=\"entry-meta \">\n                <div class=\"entry-meta-inner \">\n                    <div class=\"entry-meta-inner\"><span class=\"entry-category\" > in <a href=\"https:\/\/rhliqeni.al\/sq\/category\/rh-liqeni\/\" rel=\"category tag\">RH Liqeni<\/a> <\/span><span class=\"author vcard\" > Posted by <a class=\"url fn n\" href=\"https:\/\/rhliqeni.al\/sq\/author\/admin\/\">admin<\/a> <\/span><\/div>                <\/div>\n            <\/div>\n\n        <\/div>\n    <\/div>\n<\/div><div class=\"column-item post-style-2\">\n    <div class=\"post-inner\">\n                    <div class=\"post-thumbnail\">\n                <a href=\"https:\/\/rhliqeni.al\/sq\/rolling-hills-liqeni-menduar-per-ty\/\">\n                    <img decoding=\"async\" width=\"600\" height=\"390\" src=\"https:\/\/rhliqeni.al\/wp-content\/uploads\/2025\/03\/fagment-2-5_post-1-min-600x390.jpg\" class=\"attachment-maisonco-featured-image-large size-maisonco-featured-image-large wp-post-image\" alt=\"\" \/>                <\/a>\n                <span class=\"posted-on\"> <a href=\"https:\/\/rhliqeni.al\/sq\/rolling-hills-liqeni-menduar-per-ty\/\" rel=\"bookmark\"><time class=\"entry-date published\" datetime=\"2025-03-10T09:35:01+00:00\">March 10, 2025<\/time><time class=\"updated\" datetime=\"2025-04-15T14:57:37+00:00\">April 15, 2025<\/time><\/a> <\/span>\n            <\/div><!-- .post-thumbnail -->\n                <div class=\"post-content\">\n            <div class=\"entry-header\">\n                <h3 class=\"entry-title\"><a href=\"https:\/\/rhliqeni.al\/sq\/rolling-hills-liqeni-menduar-per-ty\/\">Rolling Hills Liqeni, menduar p\u00ebr ty<\/a><\/h3>\n            <\/div>\n            <div class=\"entry-meta \">\n                <div class=\"entry-meta-inner \">\n                    <div class=\"entry-meta-inner\"><span class=\"entry-category\" > in <a href=\"https:\/\/rhliqeni.al\/sq\/category\/rh-liqeni\/\" rel=\"category tag\">RH Liqeni<\/a> <\/span><span class=\"author vcard\" > Posted by <a class=\"url fn n\" href=\"https:\/\/rhliqeni.al\/sq\/author\/admin\/\">admin<\/a> <\/span><\/div>                <\/div>\n            <\/div>\n\n        <\/div>\n    <\/div>\n<\/div><div class=\"column-item post-style-2\">\n    <div class=\"post-inner\">\n                    <div class=\"post-thumbnail\">\n                <a href=\"https:\/\/rhliqeni.al\/sq\/rolling-hills-liqeni-prezanton-parkun-rekreativ-nje-koncept-ekskluziv-per-banoret-e-tij\/\">\n                    <img decoding=\"async\" width=\"600\" height=\"390\" src=\"https:\/\/rhliqeni.al\/wp-content\/uploads\/2024\/09\/GrVilash_R2-min-600x390.jpg\" class=\"attachment-maisonco-featured-image-large size-maisonco-featured-image-large wp-post-image\" alt=\"\" \/>                <\/a>\n                <span class=\"posted-on\"> <a href=\"https:\/\/rhliqeni.al\/sq\/rolling-hills-liqeni-prezanton-parkun-rekreativ-nje-koncept-ekskluziv-per-banoret-e-tij\/\" rel=\"bookmark\"><time class=\"entry-date published\" datetime=\"2024-09-19T13:42:54+00:00\">September 19, 2024<\/time><time class=\"updated\" datetime=\"2025-04-15T14:57:37+00:00\">April 15, 2025<\/time><\/a> <\/span>\n            <\/div><!-- .post-thumbnail -->\n                <div class=\"post-content\">\n            <div class=\"entry-header\">\n                <h3 class=\"entry-title\"><a href=\"https:\/\/rhliqeni.al\/sq\/rolling-hills-liqeni-prezanton-parkun-rekreativ-nje-koncept-ekskluziv-per-banoret-e-tij\/\">Rolling Hills Liqeni prezanton Parkun Rekreativ, nj\u00eb koncept ekskluziv p\u00ebr banor\u00ebt e tij<\/a><\/h3>\n            <\/div>\n            <div class=\"entry-meta \">\n                <div class=\"entry-meta-inner \">\n                    <div class=\"entry-meta-inner\"><span class=\"entry-category\" > in <a href=\"https:\/\/rhliqeni.al\/sq\/category\/rh-liqeni\/\" rel=\"category tag\">RH Liqeni<\/a> <\/span><span class=\"author vcard\" > Posted by <a class=\"url fn n\" href=\"https:\/\/rhliqeni.al\/sq\/author\/admin\/\">admin<\/a> <\/span><\/div>                <\/div>\n            <\/div>\n\n        <\/div>\n    <\/div>\n<\/div><div class=\"column-item post-style-2\">\n    <div class=\"post-inner\">\n                    <div class=\"post-thumbnail\">\n                <a href=\"https:\/\/rhliqeni.al\/sq\/jeta-buze-liqenit-investim-per-shendetin-dhe-mireqenien-tuaj\/\">\n                    <img loading=\"lazy\" decoding=\"async\" width=\"600\" height=\"390\" src=\"https:\/\/rhliqeni.al\/wp-content\/uploads\/2024\/05\/Lake-02-600x390.jpg\" class=\"attachment-maisonco-featured-image-large size-maisonco-featured-image-large wp-post-image\" alt=\"\" \/>                <\/a>\n                <span class=\"posted-on\"> <a href=\"https:\/\/rhliqeni.al\/sq\/jeta-buze-liqenit-investim-per-shendetin-dhe-mireqenien-tuaj\/\" rel=\"bookmark\"><time class=\"entry-date published\" datetime=\"2024-05-21T09:36:07+00:00\">May 21, 2024<\/time><time class=\"updated\" datetime=\"2025-04-15T14:57:37+00:00\">April 15, 2025<\/time><\/a> <\/span>\n            <\/div><!-- .post-thumbnail -->\n                <div class=\"post-content\">\n            <div class=\"entry-header\">\n                <h3 class=\"entry-title\"><a href=\"https:\/\/rhliqeni.al\/sq\/jeta-buze-liqenit-investim-per-shendetin-dhe-mireqenien-tuaj\/\">Jeta buz\u00eb liqenit, investim p\u00ebr sh\u00ebndetin dhe mir\u00ebqenien tuaj.<\/a><\/h3>\n            <\/div>\n            <div class=\"entry-meta \">\n                <div class=\"entry-meta-inner \">\n                    <div class=\"entry-meta-inner\"><span class=\"entry-category\" > in <a href=\"https:\/\/rhliqeni.al\/sq\/category\/rh-liqeni\/\" rel=\"category tag\">RH Liqeni<\/a> <\/span><span class=\"author vcard\" > Posted by <a class=\"url fn n\" href=\"https:\/\/rhliqeni.al\/sq\/author\/admin\/\">admin<\/a> <\/span><\/div>                <\/div>\n            <\/div>\n\n        <\/div>\n    <\/div>\n<\/div><div class=\"column-item post-style-2\">\n    <div class=\"post-inner\">\n                    <div class=\"post-thumbnail\">\n                <a href=\"https:\/\/rhliqeni.al\/sq\/cfare-duhet-te-keni-parasysh-kur-vendosni-te-blini-nje-shtepi-buze-liqenit\/\">\n                    <img loading=\"lazy\" decoding=\"async\" width=\"600\" height=\"390\" src=\"https:\/\/rhliqeni.al\/wp-content\/uploads\/2024\/03\/MicrosoftTeams-image-4-600x390.jpg\" class=\"attachment-maisonco-featured-image-large size-maisonco-featured-image-large wp-post-image\" alt=\"\" \/>                <\/a>\n                <span class=\"posted-on\"> <a href=\"https:\/\/rhliqeni.al\/sq\/cfare-duhet-te-keni-parasysh-kur-vendosni-te-blini-nje-shtepi-buze-liqenit\/\" rel=\"bookmark\"><time class=\"entry-date published\" datetime=\"2024-03-26T11:29:09+00:00\">March 26, 2024<\/time><time class=\"updated\" datetime=\"2025-04-15T14:57:37+00:00\">April 15, 2025<\/time><\/a> <\/span>\n            <\/div><!-- .post-thumbnail -->\n                <div class=\"post-content\">\n            <div class=\"entry-header\">\n                <h3 class=\"entry-title\"><a href=\"https:\/\/rhliqeni.al\/sq\/cfare-duhet-te-keni-parasysh-kur-vendosni-te-blini-nje-shtepi-buze-liqenit\/\">\u00c7far\u00eb duhet t\u00eb keni parasysh kur vendosni t\u00eb blini nj\u00eb sht\u00ebpi buz\u00eb liqenit!<\/a><\/h3>\n            <\/div>\n            <div class=\"entry-meta \">\n                <div class=\"entry-meta-inner \">\n                    <div class=\"entry-meta-inner\"><span class=\"entry-category\" > in <a href=\"https:\/\/rhliqeni.al\/sq\/category\/rh-liqeni\/\" rel=\"category tag\">RH Liqeni<\/a> <\/span><span class=\"author vcard\" > Posted by <a class=\"url fn n\" href=\"https:\/\/rhliqeni.al\/sq\/author\/admin\/\">admin<\/a> <\/span><\/div>                <\/div>\n            <\/div>\n\n        <\/div>\n    <\/div>\n<\/div><div class=\"column-item post-style-2\">\n    <div class=\"post-inner\">\n                    <div class=\"post-thumbnail\">\n                <a href=\"https:\/\/rhliqeni.al\/sq\/perse-te-gjithe-po-preferojne-vilat-e-medha-per-te-jetuar\/\">\n                    <img loading=\"lazy\" decoding=\"async\" width=\"600\" height=\"390\" src=\"https:\/\/rhliqeni.al\/wp-content\/uploads\/2024\/01\/20220819_MP_4-min-600x390.jpg\" class=\"attachment-maisonco-featured-image-large size-maisonco-featured-image-large wp-post-image\" alt=\"\" \/>                <\/a>\n                <span class=\"posted-on\"> <a href=\"https:\/\/rhliqeni.al\/sq\/perse-te-gjithe-po-preferojne-vilat-e-medha-per-te-jetuar\/\" rel=\"bookmark\"><time class=\"entry-date published\" datetime=\"2024-01-29T14:55:00+00:00\">January 29, 2024<\/time><time class=\"updated\" datetime=\"2025-04-15T14:57:37+00:00\">April 15, 2025<\/time><\/a> <\/span>\n            <\/div><!-- .post-thumbnail -->\n                <div class=\"post-content\">\n            <div class=\"entry-header\">\n                <h3 class=\"entry-title\"><a href=\"https:\/\/rhliqeni.al\/sq\/perse-te-gjithe-po-preferojne-vilat-e-medha-per-te-jetuar\/\">P\u00ebrse t\u00eb gjith\u00eb po preferojn\u00eb vilat e m\u00ebdha p\u00ebr t\u00eb jetuar?<\/a><\/h3>\n            <\/div>\n            <div class=\"entry-meta \">\n                <div class=\"entry-meta-inner \">\n                    <div class=\"entry-meta-inner\"><span class=\"entry-category\" > in <a href=\"https:\/\/rhliqeni.al\/sq\/category\/rh-liqeni\/\" rel=\"category tag\">RH Liqeni<\/a> <\/span><span class=\"author vcard\" > Posted by <a class=\"url fn n\" href=\"https:\/\/rhliqeni.al\/sq\/author\/admin\/\">admin<\/a> <\/span><\/div>                <\/div>\n            <\/div>\n\n        <\/div>\n    <\/div>\n<\/div><div class=\"column-item post-style-2\">\n    <div class=\"post-inner\">\n                    <div class=\"post-thumbnail\">\n                <a href=\"https:\/\/rhliqeni.al\/sq\/arsyet-e-rritjes-se-tendences-per-te-blere-nje-shtepi-luksoze-ne-periferi\/\">\n                    <img loading=\"lazy\" decoding=\"async\" width=\"600\" height=\"390\" src=\"https:\/\/rhliqeni.al\/wp-content\/uploads\/2023\/06\/blog-2-600x390.jpg\" class=\"attachment-maisonco-featured-image-large size-maisonco-featured-image-large wp-post-image\" alt=\"\" \/>                <\/a>\n                <span class=\"posted-on\"> <a href=\"https:\/\/rhliqeni.al\/sq\/arsyet-e-rritjes-se-tendences-per-te-blere-nje-shtepi-luksoze-ne-periferi\/\" rel=\"bookmark\"><time class=\"entry-date published\" datetime=\"2023-06-09T09:12:37+00:00\">June 9, 2023<\/time><time class=\"updated\" datetime=\"2025-04-15T14:57:37+00:00\">April 15, 2025<\/time><\/a> <\/span>\n            <\/div><!-- .post-thumbnail -->\n                <div class=\"post-content\">\n            <div class=\"entry-header\">\n                <h3 class=\"entry-title\"><a href=\"https:\/\/rhliqeni.al\/sq\/arsyet-e-rritjes-se-tendences-per-te-blere-nje-shtepi-luksoze-ne-periferi\/\">Rezidencat luksoze po b\u00ebhen kaq shum\u00eb t\u00eb k\u00ebrkuara p\u00ebr shkak t\u00eb \u201c40-vje\u00e7ar\u00ebve\u201d!<\/a><\/h3>\n            <\/div>\n            <div class=\"entry-meta \">\n                <div class=\"entry-meta-inner \">\n                    <div class=\"entry-meta-inner\"><span class=\"entry-category\" > in <a href=\"https:\/\/rhliqeni.al\/sq\/category\/rh-liqeni\/\" rel=\"category tag\">RH Liqeni<\/a> <\/span><span class=\"author vcard\" > Posted by <a class=\"url fn n\" href=\"https:\/\/rhliqeni.al\/sq\/author\/admin\/\">admin<\/a> <\/span><\/div>                <\/div>\n            <\/div>\n\n        <\/div>\n    <\/div>\n<\/div><div class=\"column-item post-style-2\">\n    <div class=\"post-inner\">\n                    <div class=\"post-thumbnail\">\n                <a href=\"https:\/\/rhliqeni.al\/sq\/deshira-per-te-jetuar-ne-periferi-zgjeron-ofertat-dhe-mundesite-e-investimit\/\">\n                    <img loading=\"lazy\" decoding=\"async\" width=\"600\" height=\"390\" src=\"https:\/\/rhliqeni.al\/wp-content\/uploads\/2023\/06\/blog-12-min-600x390.jpg\" class=\"attachment-maisonco-featured-image-large size-maisonco-featured-image-large wp-post-image\" alt=\"\" \/>                <\/a>\n                <span class=\"posted-on\"> <a href=\"https:\/\/rhliqeni.al\/sq\/deshira-per-te-jetuar-ne-periferi-zgjeron-ofertat-dhe-mundesite-e-investimit\/\" rel=\"bookmark\"><time class=\"entry-date published\" datetime=\"2023-06-09T09:04:35+00:00\">June 9, 2023<\/time><time class=\"updated\" datetime=\"2025-04-15T14:57:37+00:00\">April 15, 2025<\/time><\/a> <\/span>\n            <\/div><!-- .post-thumbnail -->\n                <div class=\"post-content\">\n            <div class=\"entry-header\">\n                <h3 class=\"entry-title\"><a href=\"https:\/\/rhliqeni.al\/sq\/deshira-per-te-jetuar-ne-periferi-zgjeron-ofertat-dhe-mundesite-e-investimit\/\">D\u00ebshira p\u00ebr t\u00eb jetuar n\u00eb periferi zgjeron ofertat dhe mund\u00ebsit\u00eb e investimit!<\/a><\/h3>\n            <\/div>\n            <div class=\"entry-meta \">\n                <div class=\"entry-meta-inner \">\n                    <div class=\"entry-meta-inner\"><span class=\"entry-category\" > in <a href=\"https:\/\/rhliqeni.al\/sq\/category\/rh-liqeni\/\" rel=\"category tag\">RH Liqeni<\/a> <\/span><span class=\"author vcard\" > Posted by <a class=\"url fn n\" href=\"https:\/\/rhliqeni.al\/sq\/author\/admin\/\">admin<\/a> <\/span><\/div>                <\/div>\n            <\/div>\n\n        <\/div>\n    <\/div>\n<\/div>            <\/div>\n                    <\/div>\n        \t\t\t\t<\/div>\n\t\t\t\t<\/div>\n\t\t\t\t\t<\/div>\n\t\t<\/div>\n\t\t\t\t\t<\/div>\n\t\t<\/section>\n\t\t\t\t<\/div>\n\t\t","protected":false},"excerpt":{"rendered":"<p>March 26, 2024March 29, 2024 \u00c7far\u00eb duhet t\u00eb keni parasysh kur vendosni t\u00eb blini nj\u00eb sht\u00ebpi buz\u00eb liqenit! in RH Liqeni Posted by admin January 29, 2024January 30, 2024 P\u00ebrse t\u00eb gjith\u00eb po preferojn\u00eb vilat e m\u00ebdha p\u00ebr t\u00eb jetuar? in RH Liqeni Posted by admin June 9, 2023January 30, 2024 Rezidencat luksoze po b\u00ebhen &hellip; <\/p>\n<p class=\"link-more\"><a href=\"https:\/\/rhliqeni.al\/sq\/deshira-per-te-jetuar-ne-periferi-zgjeron-ofertat-dhe-mundesite-e-investimit\/\" class=\"more-link\">Read More <span class=\"screen-reader-text\"> &#8220;D\u00ebshira p\u00ebr t\u00eb jetuar n\u00eb periferi zgjeron ofertat dhe mund\u00ebsit\u00eb e investimit!&#8221;<\/span><\/a><\/p>\n","protected":false},"author":1,"featured_media":0,"parent":0,"menu_order":0,"comment_status":"closed","ping_status":"closed","template":"","meta":{"om_disable_all_campaigns":false,"inline_featured_image":false,"_monsterinsights_skip_tracking":false,"_monsterinsights_sitenote_active":false,"_monsterinsights_sitenote_note":"","_monsterinsights_sitenote_category":0,"footnotes":""},"class_list":["post-4861","page","type-page","status-publish","hentry"],"_links":{"self":[{"href":"https:\/\/rhliqeni.al\/sq\/wp-json\/wp\/v2\/pages\/4861","targetHints":{"allow":["GET"]}}],"collection":[{"href":"https:\/\/rhliqeni.al\/sq\/wp-json\/wp\/v2\/pages"}],"about":[{"href":"https:\/\/rhliqeni.al\/sq\/wp-json\/wp\/v2\/types\/page"}],"author":[{"embeddable":true,"href":"https:\/\/rhliqeni.al\/sq\/wp-json\/wp\/v2\/users\/1"}],"replies":[{"embeddable":true,"href":"https:\/\/rhliqeni.al\/sq\/wp-json\/wp\/v2\/comments?post=4861"}],"version-history":[{"count":10,"href":"https:\/\/rhliqeni.al\/sq\/wp-json\/wp\/v2\/pages\/4861\/revisions"}],"predecessor-version":[{"id":5785,"href":"https:\/\/rhliqeni.al\/sq\/wp-json\/wp\/v2\/pages\/4861\/revisions\/5785"}],"wp:attachment":[{"href":"https:\/\/rhliqeni.al\/sq\/wp-json\/wp\/v2\/media?parent=4861"}],"curies":[{"name":"wp","href":"https:\/\/api.w.org\/{rel}","templated":true}]}}