{"id":4429,"date":"2023-03-26T19:55:14","date_gmt":"2023-03-26T19:55:14","guid":{"rendered":"https:\/\/rhliqeni.al\/campaign\/"},"modified":"2026-03-10T16:40:28","modified_gmt":"2026-03-10T16:40:28","slug":"fushata","status":"publish","type":"page","link":"https:\/\/rhliqeni.al\/sq\/fushata\/","title":{"rendered":"Fushata"},"content":{"rendered":"\t\t<div data-elementor-type=\"wp-page\" data-elementor-id=\"4429\" class=\"elementor elementor-4429\" data-elementor-post-type=\"page\">\n\t\t\t\t\t\t<section class=\"elementor-section elementor-top-section elementor-element elementor-element-d94a1f6 elementor-section-full_width elementor-section-height-min-height elementor-section-stretched elementor-section-height-default elementor-section-items-middle\" data-id=\"d94a1f6\" data-element_type=\"section\" data-e-type=\"section\" data-settings=\"{&quot;stretch_section&quot;:&quot;section-stretched&quot;,&quot;background_background&quot;:&quot;classic&quot;}\">\n\t\t\t\t\t\t<div class=\"elementor-container elementor-column-gap-default\">\n\t\t\t\t\t<div class=\"elementor-column elementor-col-100 elementor-top-column elementor-element elementor-element-effc81e\" data-id=\"effc81e\" data-element_type=\"column\" data-e-type=\"column\">\n\t\t\t<div class=\"elementor-widget-wrap elementor-element-populated\">\n\t\t\t\t\t\t<div class=\"elementor-element elementor-element-9102418 elementor-widget elementor-widget-image\" data-id=\"9102418\" data-element_type=\"widget\" data-e-type=\"widget\" data-widget_type=\"image.default\">\n\t\t\t\t\t\t\t\t\t\t\t\t\t\t\t<img fetchpriority=\"high\" decoding=\"async\" width=\"1920\" height=\"1320\" src=\"https:\/\/rhliqeni.al\/wp-content\/uploads\/2026\/03\/Untitled-3.webp\" class=\"attachment-full size-full wp-image-7543\" alt=\"\" srcset=\"https:\/\/rhliqeni.al\/wp-content\/uploads\/2026\/03\/Untitled-3.webp 1920w, https:\/\/rhliqeni.al\/wp-content\/uploads\/2026\/03\/Untitled-3-300x206.webp 300w, https:\/\/rhliqeni.al\/wp-content\/uploads\/2026\/03\/Untitled-3-1024x704.webp 1024w, https:\/\/rhliqeni.al\/wp-content\/uploads\/2026\/03\/Untitled-3-768x528.webp 768w, https:\/\/rhliqeni.al\/wp-content\/uploads\/2026\/03\/Untitled-3-1536x1056.webp 1536w, https:\/\/rhliqeni.al\/wp-content\/uploads\/2026\/03\/Untitled-3-400x275.webp 400w\" sizes=\"(max-width: 1920px) 100vw, 1920px\" \/>\t\t\t\t\t\t\t\t\t\t\t\t\t\t\t<\/div>\n\t\t\t\t\t<\/div>\n\t\t<\/div>\n\t\t\t\t\t<\/div>\n\t\t<\/section>\n\t\t\t\t<section class=\"elementor-section elementor-top-section elementor-element elementor-element-d5ad89a elementor-section-content-space-between elementor-section-stretched elementor-section-height-min-height elementor-section-boxed elementor-section-height-default elementor-section-items-middle\" data-id=\"d5ad89a\" data-element_type=\"section\" data-e-type=\"section\" data-settings=\"{&quot;stretch_section&quot;:&quot;section-stretched&quot;,&quot;background_background&quot;:&quot;classic&quot;}\">\n\t\t\t\t\t\t\t<div class=\"elementor-background-overlay\"><\/div>\n\t\t\t\t\t\t\t<div class=\"elementor-container elementor-column-gap-default\">\n\t\t\t\t\t<div class=\"elementor-column elementor-col-100 elementor-top-column elementor-element elementor-element-e199079\" data-id=\"e199079\" data-element_type=\"column\" data-e-type=\"column\">\n\t\t\t<div class=\"elementor-widget-wrap elementor-element-populated\">\n\t\t\t\t\t\t<div class=\"elementor-element elementor-element-3df0722 elementor-heading__align-center mobile-title elementor-heading-mobile__align-left elementor-widget elementor-widget-heading\" data-id=\"3df0722\" data-element_type=\"widget\" data-e-type=\"widget\" data-widget_type=\"heading.default\">\n\t\t\t\t\t<h2 class=\"elementor-heading-title elementor-size-default\">Paguaj si do ti!<\/h2>\t\t\t\t<\/div>\n\t\t\t\t<div class=\"elementor-element elementor-element-3941cb3 elementor-heading__align-center elementor-widget__width-initial elementor-heading-mobile__align-left elementor-widget elementor-widget-heading\" data-id=\"3941cb3\" data-element_type=\"widget\" data-e-type=\"widget\" data-widget_type=\"heading.default\">\n\t\t\t\t\t<h2 class=\"elementor-heading-title elementor-size-default\">N\u00eb Rolling Hills Liqeni, mund t\u00eb zgjedh\u00ebsh nj\u00ebsin\u00eb q\u00eb d\u00ebshiron dhe planin e pages\u00ebs q\u00eb t\u00eb p\u00ebrshtatet m\u00eb shum\u00eb. E konceptuar p\u00ebr t\u00eb ofruar fleksibilitet financiar, kjo ofert\u00eb e b\u00ebn m\u00eb t\u00eb leht\u00eb investimin t\u00ebnd n\u00eb zon\u00ebn m\u00eb t\u00eb k\u00ebrkuar t\u00eb kryeqytetit.<\/h2>\t\t\t\t<\/div>\n\t\t\t\t\t<\/div>\n\t\t<\/div>\n\t\t\t\t\t<\/div>\n\t\t<\/section>\n\t\t\t\t<div class=\"elementor-section elementor-top-section elementor-element elementor-element-04733bb elementor-section-stretched elementor-section-full_width elementor-section-height-default elementor-section-height-default\" data-id=\"04733bb\" data-element_type=\"section\" data-e-type=\"section\" data-settings=\"{&quot;stretch_section&quot;:&quot;section-stretched&quot;,&quot;background_background&quot;:&quot;classic&quot;}\">\n\t\t\t\t\t\t<div class=\"elementor-container elementor-column-gap-no\">\n\t\t\t\t\t<div class=\"elementor-column elementor-col-100 elementor-top-column elementor-element elementor-element-93570b8\" data-id=\"93570b8\" data-element_type=\"column\" data-e-type=\"column\">\n\t\t\t<div class=\"elementor-widget-wrap elementor-element-populated\">\n\t\t\t\t\t\t<div class=\"elementor-section elementor-inner-section elementor-element elementor-element-cb7baf5 elementor-section-content-middle elementor-section-full_width elementor-section-height-default elementor-section-height-default\" data-id=\"cb7baf5\" data-element_type=\"section\" data-e-type=\"section\" data-settings=\"{&quot;background_background&quot;:&quot;classic&quot;}\">\n\t\t\t\t\t\t<div class=\"elementor-container elementor-column-gap-no\">\n\t\t\t\t\t<div class=\"elementor-column elementor-col-100 elementor-inner-column elementor-element elementor-element-e5e72b2 animated-fast elementor-invisible\" data-id=\"e5e72b2\" data-element_type=\"column\" data-e-type=\"column\" data-settings=\"{&quot;animation&quot;:&quot;opal-scale-up&quot;,&quot;animation_delay&quot;:100}\">\n\t\t\t<div class=\"elementor-widget-wrap elementor-element-populated\">\n\t\t\t\t\t\t<div class=\"elementor-element elementor-element-08da067 mobile-title elementor-widget elementor-widget-text-editor\" data-id=\"08da067\" data-element_type=\"widget\" data-e-type=\"widget\" data-widget_type=\"text-editor.default\">\n\t\t\t\t\t\t\t\t\t<p>P\u00ebrse Rolling Hills Liqeni?<\/p>\t\t\t\t\t\t\t\t<\/div>\n\t\t\t\t\t<\/div>\n\t\t<\/div>\n\t\t\t\t\t<\/div>\n\t\t<\/div>\n\t\t\t\t<div class=\"elementor-section elementor-inner-section elementor-element elementor-element-09b693d elementor-section-content-middle elementor-section-boxed elementor-section-height-default elementor-section-height-default\" data-id=\"09b693d\" data-element_type=\"section\" data-e-type=\"section\" data-settings=\"{&quot;background_background&quot;:&quot;classic&quot;}\">\n\t\t\t\t\t\t<div class=\"elementor-container elementor-column-gap-no\">\n\t\t\t\t\t<div class=\"elementor-column elementor-col-33 elementor-inner-column elementor-element elementor-element-a7577c1 animated-fast elementor-invisible\" data-id=\"a7577c1\" data-element_type=\"column\" data-e-type=\"column\" data-settings=\"{&quot;animation&quot;:&quot;opal-move-right&quot;}\">\n\t\t\t<div class=\"elementor-widget-wrap elementor-element-populated\">\n\t\t\t\t\t\t<div class=\"elementor-element elementor-element-a4fca3b elementor-widget elementor-widget-image\" data-id=\"a4fca3b\" data-element_type=\"widget\" data-e-type=\"widget\" data-widget_type=\"image.default\">\n\t\t\t\t\t\t\t\t\t\t\t\t\t\t\t<img decoding=\"async\" width=\"256\" height=\"256\" src=\"https:\/\/rhliqeni.al\/wp-content\/uploads\/2026\/03\/01-I.png\" class=\"attachment-full size-full wp-image-7547\" alt=\"\" srcset=\"https:\/\/rhliqeni.al\/wp-content\/uploads\/2026\/03\/01-I.png 256w, https:\/\/rhliqeni.al\/wp-content\/uploads\/2026\/03\/01-I-150x150.png 150w, https:\/\/rhliqeni.al\/wp-content\/uploads\/2026\/03\/01-I-100x100.png 100w\" sizes=\"(max-width: 256px) 100vw, 256px\" \/>\t\t\t\t\t\t\t\t\t\t\t\t\t\t\t<\/div>\n\t\t\t\t<div class=\"elementor-element elementor-element-0c28dcc elementor-widget elementor-widget-text-editor\" data-id=\"0c28dcc\" data-element_type=\"widget\" data-e-type=\"widget\" data-widget_type=\"text-editor.default\">\n\t\t\t\t\t\t\t\t\t<p>Vendndodhje ideale<\/p>\t\t\t\t\t\t\t\t<\/div>\n\t\t\t\t<div class=\"elementor-element elementor-element-cbc7135 elementor-widget elementor-widget-text-editor\" data-id=\"cbc7135\" data-element_type=\"widget\" data-e-type=\"widget\" data-widget_type=\"text-editor.default\">\n\t\t\t\t\t\t\t\t\t<p>Vet\u00ebm 10 minuta larg qendr\u00ebs s\u00eb Tiran\u00ebs dhe akses t\u00eb drejtp\u00ebrdrejt n\u00eb Unaz\u00ebn Lindore, Rolling Hills<\/p>\t\t\t\t\t\t\t\t<\/div>\n\t\t\t\t\t<\/div>\n\t\t<\/div>\n\t\t\t\t<div class=\"elementor-column elementor-col-33 elementor-inner-column elementor-element elementor-element-b5abd83 animated-fast elementor-invisible\" data-id=\"b5abd83\" data-element_type=\"column\" data-e-type=\"column\" data-settings=\"{&quot;animation&quot;:&quot;opal-scale-up&quot;,&quot;animation_delay&quot;:100}\">\n\t\t\t<div class=\"elementor-widget-wrap elementor-element-populated\">\n\t\t\t\t\t\t<div class=\"elementor-element elementor-element-0293871 elementor-widget elementor-widget-image\" data-id=\"0293871\" data-element_type=\"widget\" data-e-type=\"widget\" data-widget_type=\"image.default\">\n\t\t\t\t\t\t\t\t\t\t\t\t\t\t\t<img decoding=\"async\" width=\"256\" height=\"256\" src=\"https:\/\/rhliqeni.al\/wp-content\/uploads\/2026\/03\/02-I.png\" class=\"attachment-full size-full wp-image-7549\" alt=\"\" srcset=\"https:\/\/rhliqeni.al\/wp-content\/uploads\/2026\/03\/02-I.png 256w, https:\/\/rhliqeni.al\/wp-content\/uploads\/2026\/03\/02-I-150x150.png 150w, https:\/\/rhliqeni.al\/wp-content\/uploads\/2026\/03\/02-I-100x100.png 100w\" sizes=\"(max-width: 256px) 100vw, 256px\" \/>\t\t\t\t\t\t\t\t\t\t\t\t\t\t\t<\/div>\n\t\t\t\t<div class=\"elementor-element elementor-element-a992c97 elementor-widget elementor-widget-text-editor\" data-id=\"a992c97\" data-element_type=\"widget\" data-e-type=\"widget\" data-widget_type=\"text-editor.default\">\n\t\t\t\t\t\t\t\t\t<p>Arkitektur\u00eb moderne<\/p>\t\t\t\t\t\t\t\t<\/div>\n\t\t\t\t<div class=\"elementor-element elementor-element-679e04e elementor-widget elementor-widget-text-editor\" data-id=\"679e04e\" data-element_type=\"widget\" data-e-type=\"widget\" data-widget_type=\"text-editor.default\">\n\t\t\t\t\t\t\t\t\t<p>\u00c7do nj\u00ebsi n\u00eb Rolling Hills Liqeni \u00ebsht\u00eb projektuar me materiale moderne dhe standarde t\u00eb larta nd\u00ebr<\/p>\t\t\t\t\t\t\t\t<\/div>\n\t\t\t\t\t<\/div>\n\t\t<\/div>\n\t\t\t\t<div class=\"elementor-column elementor-col-33 elementor-inner-column elementor-element elementor-element-fc30c98 animated-fast elementor-invisible\" data-id=\"fc30c98\" data-element_type=\"column\" data-e-type=\"column\" data-settings=\"{&quot;animation&quot;:&quot;opal-scale-up&quot;,&quot;animation_delay&quot;:100}\">\n\t\t\t<div class=\"elementor-widget-wrap elementor-element-populated\">\n\t\t\t\t\t\t<div class=\"elementor-element elementor-element-b0ad282 elementor-widget elementor-widget-image\" data-id=\"b0ad282\" data-element_type=\"widget\" data-e-type=\"widget\" data-widget_type=\"image.default\">\n\t\t\t\t\t\t\t\t\t\t\t\t\t\t\t<img loading=\"lazy\" decoding=\"async\" width=\"256\" height=\"256\" src=\"https:\/\/rhliqeni.al\/wp-content\/uploads\/2026\/03\/05-I.png\" class=\"attachment-full size-full wp-image-7555\" alt=\"\" srcset=\"https:\/\/rhliqeni.al\/wp-content\/uploads\/2026\/03\/05-I.png 256w, https:\/\/rhliqeni.al\/wp-content\/uploads\/2026\/03\/05-I-150x150.png 150w, https:\/\/rhliqeni.al\/wp-content\/uploads\/2026\/03\/05-I-100x100.png 100w\" sizes=\"(max-width: 256px) 100vw, 256px\" \/>\t\t\t\t\t\t\t\t\t\t\t\t\t\t\t<\/div>\n\t\t\t\t<div class=\"elementor-element elementor-element-da10b75 elementor-widget elementor-widget-text-editor\" data-id=\"da10b75\" data-element_type=\"widget\" data-e-type=\"widget\" data-widget_type=\"text-editor.default\">\n\t\t\t\t\t\t\t\t\t<p>Piazza me sh\u00ebrbime dhe facilitete<\/p>\t\t\t\t\t\t\t\t<\/div>\n\t\t\t\t<div class=\"elementor-element elementor-element-ad9d7ae elementor-widget elementor-widget-text-editor\" data-id=\"ad9d7ae\" data-element_type=\"widget\" data-e-type=\"widget\" data-widget_type=\"text-editor.default\">\n\t\t\t\t\t\t\t\t\t<p>Nj\u00eb nga element\u00ebt inovativ\u00eb t\u00eb projektit \u00ebsht\u00eb Plazza e dedikuar, nj\u00eb hap\u00ebsir\u00eb q\u00eb bashkon t\u00eb gjith<\/p>\t\t\t\t\t\t\t\t<\/div>\n\t\t\t\t\t<\/div>\n\t\t<\/div>\n\t\t\t\t\t<\/div>\n\t\t<\/div>\n\t\t\t\t<div class=\"elementor-section elementor-inner-section elementor-element elementor-element-07d5e89 elementor-section-content-middle elementor-section-boxed elementor-section-height-default elementor-section-height-default\" data-id=\"07d5e89\" data-element_type=\"section\" data-e-type=\"section\" data-settings=\"{&quot;background_background&quot;:&quot;classic&quot;}\">\n\t\t\t\t\t\t<div class=\"elementor-container elementor-column-gap-no\">\n\t\t\t\t\t<div class=\"elementor-column elementor-col-33 elementor-inner-column elementor-element elementor-element-4914086 animated-fast elementor-invisible\" data-id=\"4914086\" data-element_type=\"column\" data-e-type=\"column\" data-settings=\"{&quot;animation&quot;:&quot;opal-move-right&quot;}\">\n\t\t\t<div class=\"elementor-widget-wrap elementor-element-populated\">\n\t\t\t\t\t\t<div class=\"elementor-element elementor-element-68439b6 elementor-widget elementor-widget-image\" data-id=\"68439b6\" data-element_type=\"widget\" data-e-type=\"widget\" data-widget_type=\"image.default\">\n\t\t\t\t\t\t\t\t\t\t\t\t\t\t\t<img loading=\"lazy\" decoding=\"async\" width=\"256\" height=\"256\" src=\"https:\/\/rhliqeni.al\/wp-content\/uploads\/2026\/03\/03-I.png\" class=\"attachment-full size-full wp-image-7551\" alt=\"\" srcset=\"https:\/\/rhliqeni.al\/wp-content\/uploads\/2026\/03\/03-I.png 256w, https:\/\/rhliqeni.al\/wp-content\/uploads\/2026\/03\/03-I-150x150.png 150w, https:\/\/rhliqeni.al\/wp-content\/uploads\/2026\/03\/03-I-100x100.png 100w\" sizes=\"(max-width: 256px) 100vw, 256px\" \/>\t\t\t\t\t\t\t\t\t\t\t\t\t\t\t<\/div>\n\t\t\t\t<div class=\"elementor-element elementor-element-c9150e4 elementor-widget elementor-widget-text-editor\" data-id=\"c9150e4\" data-element_type=\"widget\" data-e-type=\"widget\" data-widget_type=\"text-editor.default\">\n\t\t\t\t\t\t\t\t\t<p>Akses n\u00eb Lungolago<\/p>\t\t\t\t\t\t\t\t<\/div>\n\t\t\t\t<div class=\"elementor-element elementor-element-112716f elementor-widget elementor-widget-text-editor\" data-id=\"112716f\" data-element_type=\"widget\" data-e-type=\"widget\" data-widget_type=\"text-editor.default\">\n\t\t\t\t\t\t\t\t\t<p>Me dalje direkte n\u00eb Lungolagon e Liqenit t\u00eb Fark\u00ebs, Rolling Hills Liqeni ofron nj\u00eb m\u00ebnyr\u00eb jetese ak<\/p>\t\t\t\t\t\t\t\t<\/div>\n\t\t\t\t\t<\/div>\n\t\t<\/div>\n\t\t\t\t<div class=\"elementor-column elementor-col-33 elementor-inner-column elementor-element elementor-element-993826a animated-fast elementor-invisible\" data-id=\"993826a\" data-element_type=\"column\" data-e-type=\"column\" data-settings=\"{&quot;animation&quot;:&quot;opal-scale-up&quot;,&quot;animation_delay&quot;:100}\">\n\t\t\t<div class=\"elementor-widget-wrap elementor-element-populated\">\n\t\t\t\t\t\t<div class=\"elementor-element elementor-element-a3847f0 elementor-widget elementor-widget-image\" data-id=\"a3847f0\" data-element_type=\"widget\" data-e-type=\"widget\" data-widget_type=\"image.default\">\n\t\t\t\t\t\t\t\t\t\t\t\t\t\t\t<img loading=\"lazy\" decoding=\"async\" width=\"256\" height=\"256\" src=\"https:\/\/rhliqeni.al\/wp-content\/uploads\/2026\/03\/04-I.png\" class=\"attachment-full size-full wp-image-7553\" alt=\"\" srcset=\"https:\/\/rhliqeni.al\/wp-content\/uploads\/2026\/03\/04-I.png 256w, https:\/\/rhliqeni.al\/wp-content\/uploads\/2026\/03\/04-I-150x150.png 150w, https:\/\/rhliqeni.al\/wp-content\/uploads\/2026\/03\/04-I-100x100.png 100w\" sizes=\"(max-width: 256px) 100vw, 256px\" \/>\t\t\t\t\t\t\t\t\t\t\t\t\t\t\t<\/div>\n\t\t\t\t<div class=\"elementor-element elementor-element-2c680f3 elementor-widget elementor-widget-text-editor\" data-id=\"2c680f3\" data-element_type=\"widget\" data-e-type=\"widget\" data-widget_type=\"text-editor.default\">\n\t\t\t\t\t\t\t\t\t<p>Privat\u00ebsi dhe siguri<\/p>\t\t\t\t\t\t\t\t<\/div>\n\t\t\t\t<div class=\"elementor-element elementor-element-dee16a9 elementor-widget elementor-widget-text-editor\" data-id=\"dee16a9\" data-element_type=\"widget\" data-e-type=\"widget\" data-widget_type=\"text-editor.default\">\n\t\t\t\t\t\t\t\t\t<p>Me dalje direkte n\u00eb Lungolagon e Liqenit t\u00eb Fark\u00ebs, Rolling Hills Liqeni ofron nj\u00eb m\u00ebnyr\u00eb jetese ak<\/p>\t\t\t\t\t\t\t\t<\/div>\n\t\t\t\t\t<\/div>\n\t\t<\/div>\n\t\t\t\t<div class=\"elementor-column elementor-col-33 elementor-inner-column elementor-element elementor-element-612f7c2 animated-fast elementor-hidden-desktop elementor-hidden-tablet elementor-hidden-mobile elementor-invisible\" data-id=\"612f7c2\" data-element_type=\"column\" data-e-type=\"column\" data-settings=\"{&quot;animation&quot;:&quot;opal-scale-up&quot;,&quot;animation_delay&quot;:100}\">\n\t\t\t<div class=\"elementor-widget-wrap\">\n\t\t\t\t\t\t\t<\/div>\n\t\t<\/div>\n\t\t\t\t\t<\/div>\n\t\t<\/div>\n\t\t\t\t\t<\/div>\n\t\t<\/div>\n\t\t\t\t\t<\/div>\n\t\t<\/div>\n\t\t\t\t<\/div>\n\t\t","protected":false},"excerpt":{"rendered":"<p>Paguaj si do ti! N\u00eb Rolling Hills Liqeni, mund t\u00eb zgjedh\u00ebsh nj\u00ebsin\u00eb q\u00eb d\u00ebshiron dhe planin e pages\u00ebs q\u00eb t\u00eb p\u00ebrshtatet m\u00eb shum\u00eb. E konceptuar p\u00ebr t\u00eb ofruar fleksibilitet financiar, kjo ofert\u00eb e b\u00ebn m\u00eb t\u00eb leht\u00eb investimin t\u00ebnd n\u00eb zon\u00ebn m\u00eb t\u00eb k\u00ebrkuar t\u00eb kryeqytetit. P\u00ebrse Rolling Hills Liqeni? Vendndodhje ideale Vet\u00ebm 10 minuta &hellip; <\/p>\n<p class=\"link-more\"><a href=\"https:\/\/rhliqeni.al\/sq\/fushata\/\" class=\"more-link\">Read More <span class=\"screen-reader-text\"> &#8220;Fushata&#8221;<\/span><\/a><\/p>\n","protected":false},"author":1,"featured_media":0,"parent":0,"menu_order":0,"comment_status":"closed","ping_status":"closed","template":"elementor_header_footer","meta":{"om_disable_all_campaigns":false,"inline_featured_image":false,"_monsterinsights_skip_tracking":false,"_monsterinsights_sitenote_active":false,"_monsterinsights_sitenote_note":"","_monsterinsights_sitenote_category":0,"footnotes":""},"class_list":["post-4429","page","type-page","status-publish","hentry"],"_links":{"self":[{"href":"https:\/\/rhliqeni.al\/sq\/wp-json\/wp\/v2\/pages\/4429","targetHints":{"allow":["GET"]}}],"collection":[{"href":"https:\/\/rhliqeni.al\/sq\/wp-json\/wp\/v2\/pages"}],"about":[{"href":"https:\/\/rhliqeni.al\/sq\/wp-json\/wp\/v2\/types\/page"}],"author":[{"embeddable":true,"href":"https:\/\/rhliqeni.al\/sq\/wp-json\/wp\/v2\/users\/1"}],"replies":[{"embeddable":true,"href":"https:\/\/rhliqeni.al\/sq\/wp-json\/wp\/v2\/comments?post=4429"}],"version-history":[{"count":64,"href":"https:\/\/rhliqeni.al\/sq\/wp-json\/wp\/v2\/pages\/4429\/revisions"}],"predecessor-version":[{"id":7612,"href":"https:\/\/rhliqeni.al\/sq\/wp-json\/wp\/v2\/pages\/4429\/revisions\/7612"}],"wp:attachment":[{"href":"https:\/\/rhliqeni.al\/sq\/wp-json\/wp\/v2\/media?parent=4429"}],"curies":[{"name":"wp","href":"https:\/\/api.w.org\/{rel}","templated":true}]}}