{"id":3994,"date":"2023-04-02T14:17:11","date_gmt":"2023-04-02T14:17:11","guid":{"rendered":"https:\/\/rhliqeni.al\/?page_id=3994"},"modified":"2025-06-09T13:04:58","modified_gmt":"2025-06-09T13:04:58","slug":"k2-a2","status":"publish","type":"page","link":"https:\/\/rhliqeni.al\/sq\/k2-a2\/","title":{"rendered":"K2 &#8211; A2"},"content":{"rendered":"\t\t<div data-elementor-type=\"wp-page\" data-elementor-id=\"3994\" class=\"elementor elementor-3994\" data-elementor-post-type=\"page\">\n\t\t\t\t\t\t<section class=\"elementor-section elementor-top-section elementor-element elementor-element-9a38c74 elementor-section-full_width elementor-section-stretched elementor-section-height-default elementor-section-height-default\" data-id=\"9a38c74\" data-element_type=\"section\" data-e-type=\"section\" data-settings=\"{&quot;stretch_section&quot;:&quot;section-stretched&quot;}\">\n\t\t\t\t\t\t<div class=\"elementor-container elementor-column-gap-default\">\n\t\t\t\t\t<div class=\"elementor-column elementor-col-100 elementor-top-column elementor-element elementor-element-cc7f85d\" data-id=\"cc7f85d\" data-element_type=\"column\" data-e-type=\"column\">\n\t\t\t<div class=\"elementor-widget-wrap elementor-element-populated\">\n\t\t\t\t\t\t<div class=\"elementor-element elementor-element-7b2612f elementor--h-position-center elementor--v-position-middle elementor-arrows-position-inside elementor-widget elementor-widget-slides\" data-id=\"7b2612f\" data-element_type=\"widget\" data-e-type=\"widget\" data-settings=\"{&quot;navigation&quot;:&quot;arrows&quot;,&quot;autoplay&quot;:&quot;yes&quot;,&quot;pause_on_hover&quot;:&quot;yes&quot;,&quot;pause_on_interaction&quot;:&quot;yes&quot;,&quot;autoplay_speed&quot;:5000,&quot;infinite&quot;:&quot;yes&quot;,&quot;transition&quot;:&quot;slide&quot;,&quot;transition_speed&quot;:500}\" data-widget_type=\"slides.default\">\n\t\t\t\t\t\t\t\t\t\t<div class=\"elementor-slides-wrapper elementor-main-swiper swiper\" role=\"region\" aria-roledescription=\"carousel\" aria-label=\"Slides\" dir=\"ltr\" data-animation=\"fadeInUp\">\n\t\t\t\t<div class=\"swiper-wrapper elementor-slides\">\n\t\t\t\t\t\t\t\t\t\t<div class=\"elementor-repeater-item-a0ecf1a swiper-slide\" role=\"group\" aria-roledescription=\"slide\"><div class=\"swiper-slide-bg elementor-ken-burns elementor-ken-burns--in\" role=\"img\" aria-label=\"22.jpg\"><\/div><div class=\"elementor-background-overlay\"><\/div><div class=\"swiper-slide-inner\" ><div class=\"swiper-slide-contents\"><\/div><\/div><\/div><div class=\"elementor-repeater-item-d0f1ad2 swiper-slide\" role=\"group\" aria-roledescription=\"slide\"><div class=\"swiper-slide-bg elementor-ken-burns elementor-ken-burns--in\" role=\"img\" aria-label=\"27.jpg\"><\/div><div class=\"elementor-background-overlay\"><\/div><div class=\"swiper-slide-inner\" ><div class=\"swiper-slide-contents\"><\/div><\/div><\/div>\t\t\t\t<\/div>\n\t\t\t\t\t\t\t\t\t\t\t\t\t\t\t<div class=\"elementor-swiper-button elementor-swiper-button-prev\" role=\"button\" tabindex=\"0\" aria-label=\"Previous slide\">\n\t\t\t\t\t\t\t<svg aria-hidden=\"true\" class=\"e-font-icon-svg e-eicon-chevron-left\" viewBox=\"0 0 1000 1000\" xmlns=\"http:\/\/www.w3.org\/2000\/svg\"><path d=\"M646 125C629 125 613 133 604 142L308 442C296 454 292 471 292 487 292 504 296 521 308 533L604 854C617 867 629 875 646 875 663 875 679 871 692 858 704 846 713 829 713 812 713 796 708 779 692 767L438 487 692 225C700 217 708 204 708 187 708 171 704 154 692 142 675 129 663 125 646 125Z\"><\/path><\/svg>\t\t\t\t\t\t<\/div>\n\t\t\t\t\t\t<div class=\"elementor-swiper-button elementor-swiper-button-next\" role=\"button\" tabindex=\"0\" aria-label=\"Next slide\">\n\t\t\t\t\t\t\t<svg aria-hidden=\"true\" class=\"e-font-icon-svg e-eicon-chevron-right\" viewBox=\"0 0 1000 1000\" xmlns=\"http:\/\/www.w3.org\/2000\/svg\"><path d=\"M696 533C708 521 713 504 713 487 713 471 708 454 696 446L400 146C388 133 375 125 354 125 338 125 325 129 313 142 300 154 292 171 292 187 292 204 296 221 308 233L563 492 304 771C292 783 288 800 288 817 288 833 296 850 308 863 321 871 338 875 354 875 371 875 388 867 400 854L696 533Z\"><\/path><\/svg>\t\t\t\t\t\t<\/div>\n\t\t\t\t\t\t\t\t\t\t\t\t\t\t\t\t\t<\/div>\n\t\t\t\t\t\t\t\t<\/div>\n\t\t\t\t\t<\/div>\n\t\t<\/div>\n\t\t\t\t\t<\/div>\n\t\t<\/section>\n\t\t\t\t<section class=\"elementor-section elementor-top-section elementor-element elementor-element-7b9a596 elementor-section-stretched elementor-section-full_width elementor-section-height-default elementor-section-height-default\" data-id=\"7b9a596\" data-element_type=\"section\" data-e-type=\"section\" data-settings=\"{&quot;stretch_section&quot;:&quot;section-stretched&quot;,&quot;background_background&quot;:&quot;classic&quot;}\">\n\t\t\t\t\t\t<div class=\"elementor-container elementor-column-gap-default\">\n\t\t\t\t\t<div class=\"elementor-column elementor-col-100 elementor-top-column elementor-element elementor-element-fba693a\" data-id=\"fba693a\" data-element_type=\"column\" data-e-type=\"column\">\n\t\t\t<div class=\"elementor-widget-wrap elementor-element-populated\">\n\t\t\t\t\t\t<section class=\"elementor-section elementor-inner-section elementor-element elementor-element-6f2409d elementor-section-boxed elementor-section-height-default elementor-section-height-default\" data-id=\"6f2409d\" data-element_type=\"section\" data-e-type=\"section\">\n\t\t\t\t\t\t<div class=\"elementor-container elementor-column-gap-default\">\n\t\t\t\t\t<div class=\"elementor-column elementor-col-50 elementor-inner-column elementor-element elementor-element-84bb8c2\" data-id=\"84bb8c2\" data-element_type=\"column\" data-e-type=\"column\">\n\t\t\t<div class=\"elementor-widget-wrap elementor-element-populated\">\n\t\t\t\t\t\t<div class=\"elementor-element elementor-element-a80c5a8 elementor-widget elementor-widget-heading\" data-id=\"a80c5a8\" data-element_type=\"widget\" data-e-type=\"widget\" data-widget_type=\"heading.default\">\n\t\t\t\t\t<h2 class=\"elementor-heading-title elementor-size-default\">T\u00eb dh\u00ebna<\/h2>\t\t\t\t<\/div>\n\t\t\t\t<div class=\"elementor-element elementor-element-740148b elementor-widget elementor-widget-apartment-info\" data-id=\"740148b\" data-element_type=\"widget\" data-e-type=\"widget\" data-widget_type=\"apartment-info.default\">\n\t\t\t\t<div class=\"elementor-widget-container\">\n\t\t\t\t\t        <ul class=\"elementor-apartment-list-items\">\n                            <li class=\"elementor-apartment-list-item\" >\n                                            <span class=\"elementor-title-list\">Sip\u00ebrfaqe AP<\/span>\n                                                                    <span class=\"elementor-value-list\">94.40 m2<\/span>\n                                                        <\/li>\n                            <li class=\"elementor-apartment-list-item\" >\n                                            <span class=\"elementor-title-list elementor-title-list\">Sip\u00ebrfaqe e p\u00ebrbashk\u00ebt<\/span>\n                                                                    <span class=\"elementor-value-list\">24.98 m2<\/span>\n                                                        <\/li>\n                            <li class=\"elementor-apartment-list-item\" >\n                                            <span class=\"elementor-title-list elementor-title-list elementor-title-list\">Sip\u00ebrfaqe Totale<\/span>\n                                                                    <span class=\"elementor-value-list\">119.38 m2<\/span>\n                                                        <\/li>\n                    <\/ul>\n        \t\t\t\t<\/div>\n\t\t\t\t<\/div>\n\t\t\t\t<div class=\"elementor-element elementor-element-87557cb elementor-widget elementor-widget-heading\" data-id=\"87557cb\" data-element_type=\"widget\" data-e-type=\"widget\" data-widget_type=\"heading.default\">\n\t\t\t\t\t<h2 class=\"elementor-heading-title elementor-size-default\">Karakteristika<\/h2>\t\t\t\t<\/div>\n\t\t\t\t<div class=\"elementor-element elementor-element-05b6c9e elementor-widget elementor-widget-apartment-info\" data-id=\"05b6c9e\" data-element_type=\"widget\" data-e-type=\"widget\" data-widget_type=\"apartment-info.default\">\n\t\t\t\t<div class=\"elementor-widget-container\">\n\t\t\t\t\t        <ul class=\"elementor-apartment-list-items\">\n                            <li class=\"elementor-apartment-list-item\" >\n                                            <span class=\"elementor-title-list\">Hap\u00ebsir\u00eb ndenje<\/span>\n                                                                                <\/li>\n                            <li class=\"elementor-apartment-list-item\" >\n                                            <span class=\"elementor-title-list elementor-title-list\">Kuzhin\u00eb<\/span>\n                                                                                <\/li>\n                            <li class=\"elementor-apartment-list-item\" >\n                                            <span class=\"elementor-title-list elementor-title-list elementor-title-list\">Hap\u00ebsir\u00eb ngr\u00ebnie<\/span>\n                                                                                <\/li>\n                            <li class=\"elementor-apartment-list-item\" >\n                                            <span class=\"elementor-title-list elementor-title-list elementor-title-list elementor-title-list\">2 Tualete<\/span>\n                                                                                <\/li>\n                            <li class=\"elementor-apartment-list-item\" >\n                                            <span class=\"elementor-title-list elementor-title-list elementor-title-list elementor-title-list elementor-title-list\">2 Dhoma gjumi<\/span>\n                                                                                <\/li>\n                    <\/ul>\n        \t\t\t\t<\/div>\n\t\t\t\t<\/div>\n\t\t\t\t\t<\/div>\n\t\t<\/div>\n\t\t\t\t<div class=\"elementor-column elementor-col-50 elementor-inner-column elementor-element elementor-element-08cce31\" data-id=\"08cce31\" data-element_type=\"column\" data-e-type=\"column\">\n\t\t\t<div class=\"elementor-widget-wrap elementor-element-populated\">\n\t\t\t\t\t\t<div class=\"elementor-element elementor-element-678cf2d elementor-heading__align-center elementor-widget elementor-widget-heading\" data-id=\"678cf2d\" data-element_type=\"widget\" data-e-type=\"widget\" data-widget_type=\"heading.default\">\n\t\t\t\t\t<h2 class=\"elementor-heading-title elementor-size-default\">Planimetria<\/h2>\t\t\t\t<\/div>\n\t\t\t\t<div class=\"elementor-element elementor-element-9eb11a0 elementor-heading__align-center elementor-widget elementor-widget-heading\" data-id=\"9eb11a0\" data-element_type=\"widget\" data-e-type=\"widget\" data-widget_type=\"heading.default\">\n\t\t\t\t\t<h2 class=\"elementor-heading-title elementor-size-default\">Apartamenti 2 \/ Kati 2<\/h2>\t\t\t\t<\/div>\n\t\t\t\t<div class=\"elementor-element elementor-element-a03aef9 elementor-widget elementor-widget-image\" data-id=\"a03aef9\" data-element_type=\"widget\" data-e-type=\"widget\" data-widget_type=\"image.default\">\n\t\t\t\t\t\t\t\t\t\t\t\t\t\t\t<img fetchpriority=\"high\" decoding=\"async\" width=\"600\" height=\"685\" src=\"https:\/\/rhliqeni.al\/wp-content\/uploads\/2025\/05\/Ap.-212-92m2-202.jpg\" class=\"attachment-large size-large wp-image-6663\" alt=\"\" srcset=\"https:\/\/rhliqeni.al\/wp-content\/uploads\/2025\/05\/Ap.-212-92m2-202.jpg 600w, https:\/\/rhliqeni.al\/wp-content\/uploads\/2025\/05\/Ap.-212-92m2-202-263x300.jpg 263w, https:\/\/rhliqeni.al\/wp-content\/uploads\/2025\/05\/Ap.-212-92m2-202-400x457.jpg 400w\" sizes=\"(max-width: 600px) 100vw, 600px\" \/>\t\t\t\t\t\t\t\t\t\t\t\t\t\t\t<\/div>\n\t\t\t\t\t<\/div>\n\t\t<\/div>\n\t\t\t\t\t<\/div>\n\t\t<\/section>\n\t\t\t\t\t<\/div>\n\t\t<\/div>\n\t\t\t\t\t<\/div>\n\t\t<\/section>\n\t\t\t\t<\/div>\n\t\t","protected":false},"excerpt":{"rendered":"<p>T\u00eb dh\u00ebna Sip\u00ebrfaqe AP 94.40 m2 Sip\u00ebrfaqe e p\u00ebrbashk\u00ebt 24.98 m2 Sip\u00ebrfaqe Totale 119.38 m2 Karakteristika Hap\u00ebsir\u00eb ndenje Kuzhin\u00eb Hap\u00ebsir\u00eb ngr\u00ebnie 2 Tualete 2 Dhoma gjumi Planimetria Apartamenti 2 \/ Kati 2<\/p>\n","protected":false},"author":1,"featured_media":0,"parent":0,"menu_order":0,"comment_status":"closed","ping_status":"closed","template":"elementor_header_footer","meta":{"om_disable_all_campaigns":false,"inline_featured_image":false,"_monsterinsights_skip_tracking":false,"_monsterinsights_sitenote_active":false,"_monsterinsights_sitenote_note":"","_monsterinsights_sitenote_category":0,"footnotes":""},"class_list":["post-3994","page","type-page","status-publish","hentry"],"_links":{"self":[{"href":"https:\/\/rhliqeni.al\/sq\/wp-json\/wp\/v2\/pages\/3994","targetHints":{"allow":["GET"]}}],"collection":[{"href":"https:\/\/rhliqeni.al\/sq\/wp-json\/wp\/v2\/pages"}],"about":[{"href":"https:\/\/rhliqeni.al\/sq\/wp-json\/wp\/v2\/types\/page"}],"author":[{"embeddable":true,"href":"https:\/\/rhliqeni.al\/sq\/wp-json\/wp\/v2\/users\/1"}],"replies":[{"embeddable":true,"href":"https:\/\/rhliqeni.al\/sq\/wp-json\/wp\/v2\/comments?post=3994"}],"version-history":[{"count":19,"href":"https:\/\/rhliqeni.al\/sq\/wp-json\/wp\/v2\/pages\/3994\/revisions"}],"predecessor-version":[{"id":7050,"href":"https:\/\/rhliqeni.al\/sq\/wp-json\/wp\/v2\/pages\/3994\/revisions\/7050"}],"wp:attachment":[{"href":"https:\/\/rhliqeni.al\/sq\/wp-json\/wp\/v2\/media?parent=3994"}],"curies":[{"name":"wp","href":"https:\/\/api.w.org\/{rel}","templated":true}]}}