{"id":2578,"date":"2022-08-28T17:47:31","date_gmt":"2022-08-28T17:47:31","guid":{"rendered":"https:\/\/rhliqeni.al\/?page_id=2578"},"modified":"2024-05-21T10:29:55","modified_gmt":"2024-05-21T10:29:55","slug":"rezervo-nje-takim","status":"publish","type":"page","link":"https:\/\/rhliqeni.al\/sq\/rezervo-nje-takim\/","title":{"rendered":"Rezervo nje takim"},"content":{"rendered":"\t\t<div data-elementor-type=\"wp-page\" data-elementor-id=\"2578\" class=\"elementor elementor-2578\" data-elementor-post-type=\"page\">\n\t\t\t\t\t\t<section class=\"elementor-section elementor-top-section elementor-element elementor-element-9748e78 elementor-section-stretched elementor-section-boxed elementor-section-height-default elementor-section-height-default\" data-id=\"9748e78\" data-element_type=\"section\" data-e-type=\"section\" data-settings=\"{&quot;stretch_section&quot;:&quot;section-stretched&quot;,&quot;background_background&quot;:&quot;classic&quot;}\">\n\t\t\t\t\t\t<div class=\"elementor-container elementor-column-gap-default\">\n\t\t\t\t\t<div class=\"elementor-column elementor-col-50 elementor-top-column elementor-element elementor-element-ee26c4b\" data-id=\"ee26c4b\" data-element_type=\"column\" data-e-type=\"column\" data-settings=\"{&quot;background_background&quot;:&quot;classic&quot;}\">\n\t\t\t<div class=\"elementor-widget-wrap elementor-element-populated\">\n\t\t\t\t\t\t<section class=\"elementor-section elementor-inner-section elementor-element elementor-element-0152f26 elementor-section-boxed elementor-section-height-default elementor-section-height-default\" data-id=\"0152f26\" data-element_type=\"section\" data-e-type=\"section\">\n\t\t\t\t\t\t<div class=\"elementor-container elementor-column-gap-default\">\n\t\t\t\t\t<div class=\"elementor-column elementor-col-100 elementor-inner-column elementor-element elementor-element-efe9037\" data-id=\"efe9037\" data-element_type=\"column\" data-e-type=\"column\">\n\t\t\t<div class=\"elementor-widget-wrap elementor-element-populated\">\n\t\t\t\t\t\t<div class=\"elementor-element elementor-element-af23f96 elementor-heading__align-left elementor-heading-mobile__align-center elementor-widget elementor-widget-heading\" data-id=\"af23f96\" data-element_type=\"widget\" data-e-type=\"widget\" data-widget_type=\"heading.default\">\n\t\t\t\t\t<h2 class=\"elementor-heading-title elementor-size-default\">Procesi i Blerjes<\/h2>\t\t\t\t<\/div>\n\t\t\t\t\t<\/div>\n\t\t<\/div>\n\t\t\t\t\t<\/div>\n\t\t<\/section>\n\t\t\t\t<section class=\"elementor-section elementor-inner-section elementor-element elementor-element-ee6825f elementor-section-boxed elementor-section-height-default elementor-section-height-default\" data-id=\"ee6825f\" data-element_type=\"section\" data-e-type=\"section\">\n\t\t\t\t\t\t<div class=\"elementor-container elementor-column-gap-default\">\n\t\t\t\t\t<div class=\"elementor-column elementor-col-50 elementor-inner-column elementor-element elementor-element-7751c4d\" data-id=\"7751c4d\" data-element_type=\"column\" data-e-type=\"column\">\n\t\t\t<div class=\"elementor-widget-wrap elementor-element-populated\">\n\t\t\t\t\t\t<div class=\"elementor-element elementor-element-28d8802 elementor-heading-mobile__align-center elementor-widget elementor-widget-heading\" data-id=\"28d8802\" data-element_type=\"widget\" data-e-type=\"widget\" data-widget_type=\"heading.default\">\n\t\t\t\t\t<h2 class=\"elementor-heading-title elementor-size-default\">Rezervimi<\/h2>\t\t\t\t<\/div>\n\t\t\t\t<div class=\"elementor-element elementor-element-21c6c5b elementor-widget elementor-widget-text-editor\" data-id=\"21c6c5b\" data-element_type=\"widget\" data-e-type=\"widget\" data-widget_type=\"text-editor.default\">\n\t\t\t\t\t\t\t\t\t<p>Ju mund t\u00eb rezervoni pron\u00ebn tuaj n\u00ebp\u00ebrmjet nj\u00eb marr\u00ebveshjeje pa pages\u00ebn e nj\u00eb tarife fillestare.<\/p>\t\t\t\t\t\t\t\t<\/div>\n\t\t\t\t\t<\/div>\n\t\t<\/div>\n\t\t\t\t<div class=\"elementor-column elementor-col-50 elementor-inner-column elementor-element elementor-element-2715137\" data-id=\"2715137\" data-element_type=\"column\" data-e-type=\"column\">\n\t\t\t<div class=\"elementor-widget-wrap elementor-element-populated\">\n\t\t\t\t\t\t<div class=\"elementor-element elementor-element-e80c6d3 elementor-heading-mobile__align-center elementor-widget elementor-widget-heading\" data-id=\"e80c6d3\" data-element_type=\"widget\" data-e-type=\"widget\" data-widget_type=\"heading.default\">\n\t\t\t\t\t<h2 class=\"elementor-heading-title elementor-size-default\">Para Shitja<\/h2>\t\t\t\t<\/div>\n\t\t\t\t<div class=\"elementor-element elementor-element-fffc3a3 elementor-widget elementor-widget-text-editor\" data-id=\"fffc3a3\" data-element_type=\"widget\" data-e-type=\"widget\" data-widget_type=\"text-editor.default\">\n\t\t\t\t\t\t\t\t\t<p>Nj\u00eb skuad\u00ebr e dedikuar \u00ebsht\u00eb n\u00eb dispozicion tuaj duke ju dh\u00ebn\u00eb mund\u00ebsin\u00eb t\u00eb b\u00ebni zgjedhjen e duhur sipas mund\u00ebsive dhe k\u00ebrkesave.<\/p>\t\t\t\t\t\t\t\t<\/div>\n\t\t\t\t\t<\/div>\n\t\t<\/div>\n\t\t\t\t\t<\/div>\n\t\t<\/section>\n\t\t\t\t<section class=\"elementor-section elementor-inner-section elementor-element elementor-element-532b6d5 elementor-section-boxed elementor-section-height-default elementor-section-height-default\" data-id=\"532b6d5\" data-element_type=\"section\" data-e-type=\"section\">\n\t\t\t\t\t\t<div class=\"elementor-container elementor-column-gap-default\">\n\t\t\t\t\t<div class=\"elementor-column elementor-col-50 elementor-inner-column elementor-element elementor-element-e29a176\" data-id=\"e29a176\" data-element_type=\"column\" data-e-type=\"column\">\n\t\t\t<div class=\"elementor-widget-wrap elementor-element-populated\">\n\t\t\t\t\t\t<div class=\"elementor-element elementor-element-47c852a elementor-heading-mobile__align-center elementor-widget elementor-widget-heading\" data-id=\"47c852a\" data-element_type=\"widget\" data-e-type=\"widget\" data-widget_type=\"heading.default\">\n\t\t\t\t\t<h2 class=\"elementor-heading-title elementor-size-default\">Blerja<\/h2>\t\t\t\t<\/div>\n\t\t\t\t<div class=\"elementor-element elementor-element-26eab6c elementor-widget elementor-widget-text-editor\" data-id=\"26eab6c\" data-element_type=\"widget\" data-e-type=\"widget\" data-widget_type=\"text-editor.default\">\n\t\t\t\t\t\t\t\t\t<p>Pas zgjedhjes dhe rezervimit, procedohet me kontrat\u00ebn e sip\u00ebrmarrjes. Nisur nga marr\u00ebveshja e arritur, kontrata p\u00ebrcakton metod\u00ebn e pages\u00ebs, t\u00eb drejtat dhe p\u00ebrfitimet.<\/p>\t\t\t\t\t\t\t\t<\/div>\n\t\t\t\t\t<\/div>\n\t\t<\/div>\n\t\t\t\t<div class=\"elementor-column elementor-col-50 elementor-inner-column elementor-element elementor-element-d22060f\" data-id=\"d22060f\" data-element_type=\"column\" data-e-type=\"column\">\n\t\t\t<div class=\"elementor-widget-wrap elementor-element-populated\">\n\t\t\t\t\t\t<div class=\"elementor-element elementor-element-539078f elementor-heading-mobile__align-center elementor-widget elementor-widget-heading\" data-id=\"539078f\" data-element_type=\"widget\" data-e-type=\"widget\" data-widget_type=\"heading.default\">\n\t\t\t\t\t<h2 class=\"elementor-heading-title elementor-size-default\">Akti i Pron\u00ebsis\u00eb<\/h2>\t\t\t\t<\/div>\n\t\t\t\t<div class=\"elementor-element elementor-element-d11070f elementor-widget elementor-widget-text-editor\" data-id=\"d11070f\" data-element_type=\"widget\" data-e-type=\"widget\" data-widget_type=\"text-editor.default\">\n\t\t\t\t\t\t\t\t\t<p>N\u00eb p\u00ebrfundim t\u00eb nd\u00ebrtimit dhe pages\u00ebs s\u00eb plot\u00eb, ndjekim procesin kadastral deri n\u00eb dor\u00ebzimin e titullit t\u00eb pron\u00ebsis\u00eb n\u00eb dor\u00ebn tuaj. Ne ju shoq\u00ebrojm\u00eb n\u00eb t\u00eb gjitha sh\u00ebrbimet pas blerjes s\u00eb pron\u00ebs suaj t\u00eb re dhe sigurohemi q\u00eb klient\u00ebt tan\u00eb t\u00eb ken\u00eb sh\u00ebrbimin dhe eksperienc\u00ebn m\u00eb t\u00eb mir\u00eb.<\/p>\t\t\t\t\t\t\t\t<\/div>\n\t\t\t\t\t<\/div>\n\t\t<\/div>\n\t\t\t\t\t<\/div>\n\t\t<\/section>\n\t\t\t\t\t<\/div>\n\t\t<\/div>\n\t\t\t\t<div class=\"elementor-column elementor-col-50 elementor-top-column elementor-element elementor-element-8103fa5\" data-id=\"8103fa5\" data-element_type=\"column\" data-e-type=\"column\">\n\t\t\t<div class=\"elementor-widget-wrap elementor-element-populated\">\n\t\t\t\t\t\t<div class=\"elementor-element elementor-element-f70b390 elementor-heading__align-left elementor-heading-mobile__align-center elementor-widget elementor-widget-heading\" data-id=\"f70b390\" data-element_type=\"widget\" data-e-type=\"widget\" data-widget_type=\"heading.default\">\n\t\t\t\t\t<h2 class=\"elementor-heading-title elementor-size-default\">Rezervo nj\u00eb Takim<\/h2>\t\t\t\t<\/div>\n\t\t\t\t<div class=\"elementor-element elementor-element-b880de8 elementor-widget elementor-widget-shortcode\" data-id=\"b880de8\" data-element_type=\"widget\" data-e-type=\"widget\" data-widget_type=\"shortcode.default\">\n\t\t\t\t\t\t\t<div class=\"elementor-shortcode\"><div class=\"frm_forms  with_frm_style frm_style_formidable-style\" id=\"frm_form_4_container\" data-token=\"4188d0b596665a6499b0b4e9dc3807ca\">\n<form enctype=\"multipart\/form-data\" method=\"post\" class=\"frm-show-form \" id=\"form_rezervonjtakim\" data-token=\"4188d0b596665a6499b0b4e9dc3807ca\">\n<div class=\"frm_form_fields \">\n<fieldset>\n<legend class=\"frm_screen_reader\">Rezervo nj\u00eb takim<\/legend>\r\n\r\n<div class=\"frm_fields_container\">\n<input type=\"hidden\" name=\"frm_action\" value=\"create\" \/>\n<input type=\"hidden\" name=\"form_id\" value=\"4\" \/>\n<input type=\"hidden\" name=\"frm_hide_fields_4\" id=\"frm_hide_fields_4\" value=\"\" \/>\n<input type=\"hidden\" name=\"form_key\" value=\"rezervonjtakim\" \/>\n<input type=\"hidden\" name=\"item_meta[0]\" value=\"\" \/>\n<input type=\"hidden\" id=\"frm_submit_entry_4\" name=\"frm_submit_entry_4\" value=\"6f75fe2f43\" \/><input type=\"hidden\" name=\"_wp_http_referer\" value=\"\/sq\/wp-json\/wp\/v2\/pages\/2578\" \/><div id=\"frm_field_15_container\" class=\"frm_form_field form-field  frm_required_field frm_top_container\">\r\n    <label for=\"field_87ls73\" id=\"field_87ls73_label\" class=\"frm_primary_label\">Em\u00ebr \/ Mbiem\u00ebr\r\n        <span class=\"frm_required\" aria-hidden=\"true\">*<\/span>\r\n    <\/label>\r\n    <input type=\"text\" id=\"field_87ls73\" name=\"item_meta[15]\" value=\"\"  data-reqmsg=\"Em\u00ebr \/ Mbiem\u00ebr cannot be blank.\" aria-required=\"true\" data-invmsg=\"Text is invalid\" aria-invalid=\"false\"  \/>\r\n    \r\n    \r\n<\/div>\n<div id=\"frm_field_18_container\" class=\"frm_form_field form-field  frm_required_field frm_top_container\">\r\n    <label for=\"field_78ume3\" id=\"field_78ume3_label\" class=\"frm_primary_label\">E-mail\r\n        <span class=\"frm_required\" aria-hidden=\"true\">*<\/span>\r\n    <\/label>\r\n    <input type=\"email\" id=\"field_78ume3\" name=\"item_meta[18]\" value=\"\"  data-reqmsg=\"E-mail cannot be blank.\" aria-required=\"true\" data-invmsg=\"Email is invalid\" aria-invalid=\"false\"  \/>\r\n    \r\n    \r\n<\/div>\n<div id=\"frm_field_20_container\" class=\"frm_form_field form-field  frm_top_container\">\r\n    <label for=\"field_3w3r2\" id=\"field_3w3r2_label\" class=\"frm_primary_label\">Si e mor\u00ebt informacionin p\u00ebr RH Liqeni?\r\n        <span class=\"frm_required\" aria-hidden=\"true\"><\/span>\r\n    <\/label>\r\n    \t\t<select name=\"item_meta[20]\" id=\"field_3w3r2\"  data-invmsg=\"Si e mor\u00ebt informacionin p\u00ebr RH Liqeni? is invalid\" aria-invalid=\"false\"  >\n\t\t<option  value=\"Facebook\">Facebook<\/option><option  value=\"Instagram\">Instagram<\/option><option  value=\"Reklama TV\">Reklama TV<\/option><option  value=\"Agjent\u00ebt e Shitjes\">Agjent\u00ebt e Shitjes<\/option><option  value=\"Miq \/ T\u00eb af\u00ebrm\">Miq \/ T\u00eb af\u00ebrm<\/option><option  value=\"Tjet\u00ebr\">Tjet\u00ebr<\/option>\t<\/select>\n\t\r\n    \r\n    \r\n<\/div>\n<div id=\"frm_field_21_container\" class=\"frm_form_field form-field  frm_top_container\">\r\n    <label for=\"field_ocy3l\" id=\"field_ocy3l_label\" class=\"frm_primary_label\">Mesazh\r\n        <span class=\"frm_required\" aria-hidden=\"true\"><\/span>\r\n    <\/label>\r\n    <textarea name=\"item_meta[21]\" id=\"field_ocy3l\" rows=\"4\"  data-invmsg=\"Mesazh is invalid\" aria-invalid=\"false\"  ><\/textarea>\r\n    \r\n    \r\n<\/div>\n<div id=\"frm_field_31_container\" class=\"frm_form_field  frm_html_container form-field\"><input id=\"privacy\" class=\"onoffswitch-checkbox\" checked=\"checked\" name=\"privacy\" required=\"\" type=\"checkbox\" value=\"privacy\" \/>Un\u00eb konfirmoj se kam lexuar dhe pajtohem me <strong><a href=\"https:\/\/rhliqeni.al\/sq\/politikat-e-privatesise\/\">Politikat e Privat\u00ebsis\u00eb.<\/a><\/strong><\/div>\n<div id=\"frm_field_29_container\" class=\"frm_form_field form-field \">\n\t<div class=\"frm_submit\">\r\n\r\n<button class=\"frm_button_submit\" type=\"submit\"  >D\u00ebrgo<\/button>\r\n\r\n\r\n<\/div>\n<\/div>\n\t<input type=\"hidden\" name=\"item_key\" value=\"\" \/>\n\t\t\t<div id=\"frm_field_51_container\">\n\t\t\t<label for=\"field_ibc2h\" >\n\t\t\t\tIf you are human, leave this field blank.\t\t\t<\/label>\n\t\t\t<input  id=\"field_ibc2h\" type=\"text\" class=\"frm_form_field form-field frm_verify\" name=\"item_meta[51]\" value=\"\"  \/>\n\t\t<\/div>\n\t\t<input name=\"frm_state\" type=\"hidden\" value=\"2YX6ZJ\/v+Z+4geDMurohDtbxRfrZix9RluTDmyoTyaE=\" \/><\/div>\n<\/fieldset>\n<\/div>\n\n<\/form>\n<\/div>\n<\/div>\n\t\t\t\t\t\t<\/div>\n\t\t\t\t\t<\/div>\n\t\t<\/div>\n\t\t\t\t\t<\/div>\n\t\t<\/section>\n\t\t\t\t<\/div>\n\t\t","protected":false},"excerpt":{"rendered":"<p>Procesi i Blerjes Rezervimi Ju mund t\u00eb rezervoni pron\u00ebn tuaj n\u00ebp\u00ebrmjet nj\u00eb marr\u00ebveshjeje pa pages\u00ebn e nj\u00eb tarife fillestare. Para Shitja Nj\u00eb skuad\u00ebr e dedikuar \u00ebsht\u00eb n\u00eb dispozicion tuaj duke ju dh\u00ebn\u00eb mund\u00ebsin\u00eb t\u00eb b\u00ebni zgjedhjen e duhur sipas mund\u00ebsive dhe k\u00ebrkesave. Blerja Pas zgjedhjes dhe rezervimit, procedohet me kontrat\u00ebn e sip\u00ebrmarrjes. Nisur nga marr\u00ebveshja &hellip; <\/p>\n<p class=\"link-more\"><a href=\"https:\/\/rhliqeni.al\/sq\/rezervo-nje-takim\/\" class=\"more-link\">Read More <span class=\"screen-reader-text\"> &#8220;Rezervo nje takim&#8221;<\/span><\/a><\/p>\n","protected":false},"author":1,"featured_media":0,"parent":0,"menu_order":0,"comment_status":"closed","ping_status":"closed","template":"","meta":{"om_disable_all_campaigns":false,"inline_featured_image":false,"_monsterinsights_skip_tracking":false,"_monsterinsights_sitenote_active":false,"_monsterinsights_sitenote_note":"","_monsterinsights_sitenote_category":0,"footnotes":""},"class_list":["post-2578","page","type-page","status-publish","hentry"],"_links":{"self":[{"href":"https:\/\/rhliqeni.al\/sq\/wp-json\/wp\/v2\/pages\/2578","targetHints":{"allow":["GET"]}}],"collection":[{"href":"https:\/\/rhliqeni.al\/sq\/wp-json\/wp\/v2\/pages"}],"about":[{"href":"https:\/\/rhliqeni.al\/sq\/wp-json\/wp\/v2\/types\/page"}],"author":[{"embeddable":true,"href":"https:\/\/rhliqeni.al\/sq\/wp-json\/wp\/v2\/users\/1"}],"replies":[{"embeddable":true,"href":"https:\/\/rhliqeni.al\/sq\/wp-json\/wp\/v2\/comments?post=2578"}],"version-history":[{"count":57,"href":"https:\/\/rhliqeni.al\/sq\/wp-json\/wp\/v2\/pages\/2578\/revisions"}],"predecessor-version":[{"id":5878,"href":"https:\/\/rhliqeni.al\/sq\/wp-json\/wp\/v2\/pages\/2578\/revisions\/5878"}],"wp:attachment":[{"href":"https:\/\/rhliqeni.al\/sq\/wp-json\/wp\/v2\/media?parent=2578"}],"curies":[{"name":"wp","href":"https:\/\/api.w.org\/{rel}","templated":true}]}}