{"id":2297,"date":"2022-08-09T14:12:49","date_gmt":"2022-08-09T14:12:49","guid":{"rendered":"https:\/\/rhliqeni.al\/?page_id=2297"},"modified":"2025-11-18T10:12:04","modified_gmt":"2025-11-18T10:12:04","slug":"investimet","status":"publish","type":"page","link":"https:\/\/rhliqeni.al\/sq\/investimet\/","title":{"rendered":"Investimet"},"content":{"rendered":"\t\t<div data-elementor-type=\"wp-page\" data-elementor-id=\"2297\" class=\"elementor elementor-2297\" data-elementor-post-type=\"page\">\n\t\t\t\t\t\t<section class=\"elementor-section elementor-top-section elementor-element elementor-element-97f2b0d elementor-section-full_width elementor-section-stretched elementor-section-height-default elementor-section-height-default\" data-id=\"97f2b0d\" data-element_type=\"section\" data-e-type=\"section\" data-settings=\"{&quot;stretch_section&quot;:&quot;section-stretched&quot;,&quot;background_background&quot;:&quot;classic&quot;}\">\n\t\t\t\t\t\t<div class=\"elementor-container elementor-column-gap-default\">\n\t\t\t\t\t<div class=\"elementor-column elementor-col-100 elementor-top-column elementor-element elementor-element-6e30cf7\" data-id=\"6e30cf7\" data-element_type=\"column\" data-e-type=\"column\">\n\t\t\t<div class=\"elementor-widget-wrap elementor-element-populated\">\n\t\t\t\t\t\t<section class=\"elementor-section elementor-inner-section elementor-element elementor-element-89b26b9 elementor-section-boxed elementor-section-height-default elementor-section-height-default\" data-id=\"89b26b9\" data-element_type=\"section\" data-e-type=\"section\">\n\t\t\t\t\t\t<div class=\"elementor-container elementor-column-gap-default\">\n\t\t\t\t\t<div class=\"elementor-column elementor-col-100 elementor-inner-column elementor-element elementor-element-4df9be4\" data-id=\"4df9be4\" data-element_type=\"column\" data-e-type=\"column\">\n\t\t\t<div class=\"elementor-widget-wrap elementor-element-populated\">\n\t\t\t\t\t\t<div class=\"elementor-element elementor-element-b9453b9 elementor-widget elementor-widget-heading\" data-id=\"b9453b9\" data-element_type=\"widget\" data-e-type=\"widget\" data-widget_type=\"heading.default\">\n\t\t\t\t\t<i class=\"icon_before fa fa-home\" aria-hidden=\"true\"><\/i><h2 class=\"elementor-heading-title elementor-size-default\">Financimi i  Pron\u00ebs<\/h2>\t\t\t\t<\/div>\n\t\t\t\t<div class=\"elementor-element elementor-element-6a8a09b elementor-widget elementor-widget-text-editor\" data-id=\"6a8a09b\" data-element_type=\"widget\" data-e-type=\"widget\" data-widget_type=\"text-editor.default\">\n\t\t\t\t\t\t\t\t\t<p>N\u00eb bashk\u00ebpunim me banka t\u00eb p\u00ebrzgjedhura n\u00eb Shqip\u00ebri, Rolling Hills Liqeni ofron mund\u00ebsin\u00eb e financimit me kredi me dhe pa kolateral, si p\u00ebr rezident\u00ebt, ashtu dhe p\u00ebr jo rezident\u00ebt n\u00eb Shqip\u00ebri. Bazuar n\u00eb k\u00ebrkesat n\u00eb rritje q\u00eb jan\u00eb p\u00ebr k\u00ebt\u00eb zon\u00eb, Rolling Hills Liqeni \u00ebsht\u00eb nj\u00eb mund\u00ebsi shum\u00eb e mir\u00eb p\u00ebr investim jo vet\u00ebm p\u00ebr t\u00eb jetuar, por edhe p\u00ebr ta dh\u00ebn\u00eb me qira duke garantuar t\u00eb ardhura t\u00eb konsiderueshme. Ju mund t\u2019i g\u00ebzoheni investimit n\u00eb rezidenc\u00eb fal\u00eb p\u00ebrfitimeve q\u00eb mund t\u00eb merrni nga ajo si nj\u00eb aset i r\u00ebnd\u00ebsish\u00ebm, p\u00ebr t\u00eb tashmen dhe p\u00ebr t\u00eb ardhmen. Vlera e pron\u00ebs suaj do t\u00eb rritet \u00e7do vit p\u00ebr shkak t\u00eb:<\/p><ul><li>Cil\u00ebsis\u00eb s\u00eb nd\u00ebrtimit<\/li><li>Vendndodhjes<\/li><li>Vler\u00ebs s\u00eb tregut q\u00eb rritet<\/li><li>K\u00ebrkes\u00ebs s\u00eb lart\u00eb nga bler\u00ebs t\u00eb ndrysh\u00ebm<\/li><li>Kushteve klimaterike<\/li><li>Garancis\u00eb q\u00eb ofron emri Balfin Real Estate<\/li><\/ul><p>Kurdo q\u00eb t\u00eb vendosni ta rishisni pron\u00ebn tuaj, kthimi i investimit do t\u00eb jet\u00eb edhe m\u00eb<br \/>i lart\u00eb se ai i blerjes tani!<\/p>\t\t\t\t\t\t\t\t<\/div>\n\t\t\t\t\t<\/div>\n\t\t<\/div>\n\t\t\t\t\t<\/div>\n\t\t<\/section>\n\t\t\t\t\t<\/div>\n\t\t<\/div>\n\t\t\t\t\t<\/div>\n\t\t<\/section>\n\t\t\t\t<section class=\"elementor-section elementor-top-section elementor-element elementor-element-1a8aa72 elementor-section-full_width elementor-section-stretched elementor-section-height-min-height elementor-section-height-default elementor-section-items-middle\" data-id=\"1a8aa72\" data-element_type=\"section\" data-e-type=\"section\" data-settings=\"{&quot;stretch_section&quot;:&quot;section-stretched&quot;}\">\n\t\t\t\t\t\t<div class=\"elementor-container elementor-column-gap-default\">\n\t\t\t\t\t<div class=\"elementor-column elementor-col-100 elementor-top-column elementor-element elementor-element-bda726d\" data-id=\"bda726d\" data-element_type=\"column\" data-e-type=\"column\">\n\t\t\t<div class=\"elementor-widget-wrap elementor-element-populated\">\n\t\t\t\t\t\t<div class=\"elementor-element elementor-element-de99746 elementor--h-position-center elementor--v-position-middle elementor-arrows-position-inside elementor-widget elementor-widget-slides\" data-id=\"de99746\" data-element_type=\"widget\" data-e-type=\"widget\" data-settings=\"{&quot;navigation&quot;:&quot;arrows&quot;,&quot;autoplay&quot;:&quot;yes&quot;,&quot;pause_on_hover&quot;:&quot;yes&quot;,&quot;pause_on_interaction&quot;:&quot;yes&quot;,&quot;autoplay_speed&quot;:5000,&quot;infinite&quot;:&quot;yes&quot;,&quot;transition&quot;:&quot;slide&quot;,&quot;transition_speed&quot;:500}\" data-widget_type=\"slides.default\">\n\t\t\t\t\t\t\t\t\t\t<div class=\"elementor-slides-wrapper elementor-main-swiper swiper\" role=\"region\" aria-roledescription=\"carousel\" aria-label=\"Slides\" dir=\"ltr\" data-animation=\"fadeInUp\">\n\t\t\t\t<div class=\"swiper-wrapper elementor-slides\">\n\t\t\t\t\t\t\t\t\t\t<div class=\"elementor-repeater-item-6548318 swiper-slide\" role=\"group\" aria-roledescription=\"slide\"><div class=\"swiper-slide-bg elementor-ken-burns elementor-ken-burns--in\" role=\"img\" aria-label=\"20220614_RHL_render_hyrje_02 (1)\"><\/div><div class=\"swiper-slide-inner\" ><div class=\"swiper-slide-contents\"><div class=\"elementor-slide-description\">Mund\u00ebsi investimi, p\u00ebr t\u00eb tashmen dhe t\u00eb\nardhmen tuaj<\/div><\/div><\/div><\/div>\t\t\t\t<\/div>\n\t\t\t\t\t\t\t<\/div>\n\t\t\t\t\t\t\t\t<\/div>\n\t\t\t\t\t<\/div>\n\t\t<\/div>\n\t\t\t\t\t<\/div>\n\t\t<\/section>\n\t\t\t\t<\/div>\n\t\t","protected":false},"excerpt":{"rendered":"<p>Financimi i Pron\u00ebs N\u00eb bashk\u00ebpunim me banka t\u00eb p\u00ebrzgjedhura n\u00eb Shqip\u00ebri, Rolling Hills Liqeni ofron mund\u00ebsin\u00eb e financimit me kredi me dhe pa kolateral, si p\u00ebr rezident\u00ebt, ashtu dhe p\u00ebr jo rezident\u00ebt n\u00eb Shqip\u00ebri. Bazuar n\u00eb k\u00ebrkesat n\u00eb rritje q\u00eb jan\u00eb p\u00ebr k\u00ebt\u00eb zon\u00eb, Rolling Hills Liqeni \u00ebsht\u00eb nj\u00eb mund\u00ebsi shum\u00eb e mir\u00eb p\u00ebr investim &hellip; <\/p>\n<p class=\"link-more\"><a href=\"https:\/\/rhliqeni.al\/sq\/investimet\/\" class=\"more-link\">Read More <span class=\"screen-reader-text\"> &#8220;Investimet&#8221;<\/span><\/a><\/p>\n","protected":false},"author":1,"featured_media":0,"parent":0,"menu_order":0,"comment_status":"closed","ping_status":"closed","template":"","meta":{"om_disable_all_campaigns":false,"inline_featured_image":false,"_monsterinsights_skip_tracking":false,"_monsterinsights_sitenote_active":false,"_monsterinsights_sitenote_note":"","_monsterinsights_sitenote_category":0,"footnotes":""},"class_list":["post-2297","page","type-page","status-publish","hentry"],"_links":{"self":[{"href":"https:\/\/rhliqeni.al\/sq\/wp-json\/wp\/v2\/pages\/2297","targetHints":{"allow":["GET"]}}],"collection":[{"href":"https:\/\/rhliqeni.al\/sq\/wp-json\/wp\/v2\/pages"}],"about":[{"href":"https:\/\/rhliqeni.al\/sq\/wp-json\/wp\/v2\/types\/page"}],"author":[{"embeddable":true,"href":"https:\/\/rhliqeni.al\/sq\/wp-json\/wp\/v2\/users\/1"}],"replies":[{"embeddable":true,"href":"https:\/\/rhliqeni.al\/sq\/wp-json\/wp\/v2\/comments?post=2297"}],"version-history":[{"count":74,"href":"https:\/\/rhliqeni.al\/sq\/wp-json\/wp\/v2\/pages\/2297\/revisions"}],"predecessor-version":[{"id":7407,"href":"https:\/\/rhliqeni.al\/sq\/wp-json\/wp\/v2\/pages\/2297\/revisions\/7407"}],"wp:attachment":[{"href":"https:\/\/rhliqeni.al\/sq\/wp-json\/wp\/v2\/media?parent=2297"}],"curies":[{"name":"wp","href":"https:\/\/api.w.org\/{rel}","templated":true}]}}